{"id":9066,"date":"2023-08-10T21:25:00","date_gmt":"2023-08-11T02:25:00","guid":{"rendered":"https:\/\/www.huatulco-airport.com\/?page_id=9066"},"modified":"2024-08-10T08:05:51","modified_gmt":"2024-08-10T14:05:51","slug":"contacto","status":"publish","type":"page","link":"https:\/\/www.huatulco-airport.com\/es\/contacto\/","title":{"rendered":"Contacto"},"content":{"rendered":"<div class=\"gb-container gb-container-fb02c4b2\">\n<div class=\"gb-container gb-container-da66e842\"><div class=\"gb-inside-container\">\n<div class=\"gb-grid-wrapper gb-grid-wrapper-c365d1fb\">\n<div class=\"gb-grid-column gb-grid-column-e85a7dc9\"><div class=\"gb-container gb-container-e85a7dc9\">\n\n<iframe src=\"https:\/\/www.google.com\/maps\/embed?pb=!1m18!1m12!1m3!1d3839.603976007535!2d-96.26143388821761!3d15.772075784802066!2m3!1f0!2f0!3f0!3m2!1i1024!2i768!4f13.1!3m3!1m2!1s0x85bf28c8223eb635%3A0xbdf6c3bc32a16144!2sBahias%20De%20Huatulco%20International%20Airport!5e0!3m2!1sen!2smx!4v1691720426465!5m2!1sen!2smx\" width=\"550\" height=\"620\" style=\"border:0;\" allowfullscreen=\"\" loading=\"lazy\" referrerpolicy=\"no-referrer-when-downgrade\"><\/iframe>\n\n<\/div><\/div>\n\n<div class=\"gb-grid-column gb-grid-column-32e34860\"><div class=\"gb-container gb-container-32e34860\">\n<h2 class=\"gb-headline gb-headline-7376e4e5 gb-headline-text\" id=\"contact-us\">Cont\u00e1ctanos<\/h2>\n\n<p class=\"gb-headline gb-headline-0a715516 gb-headline-text\">Este sitio web funciona como una gu\u00eda de viaje comprensible para aquellos que planean Huatulco, Oaxaca, M\u00e9xico y deber\u00e1 ser usada \u00fanicamente con prop\u00f3sitos informativos.<\/p>\n\n<p class=\"gb-headline gb-headline-15afbc3f\"><span class=\"gb-icon\"><svg xmlns=\"http:\/\/www.w3.org\/2000\/svg\" viewbox=\"0 0 384 512\" width=\"1em\" height=\"1em\" aria-hidden=\"true\"><path d=\"M172.268 501.67C26.97 291.031 0 269.413 0 192 0 85.961 85.961 0 192 0s192 85.961 192 192c0 77.413-26.97 99.031-172.268 309.67-9.535 13.774-29.93 13.773-39.464 0zM192 272c44.183 0 80-35.817 80-80s-35.817-80-80-80-80 35.817-80 80 35.817 80 80 80z\" fill=\"currentColor\"><\/path><\/svg><\/span><span class=\"gb-headline-text\"><strong>Aeropuerto Internacional de Huatulco<\/strong> &#8211; Carretera Costera Pinotepa, Salina Cruz \u2013 Santiago Pinotepa Nacional Km. 237, El Zapote, 70980 Santa Mar\u00eda Huatulco, Oaxaca, M\u00e9xico.<\/span><\/p>\n\n<p class=\"gb-headline gb-headline-d8c3a98d\"><span class=\"gb-icon\"><svg xmlns=\"http:\/\/www.w3.org\/2000\/svg\" width=\"16\" height=\"16\" fill=\"currentColor\" class=\"bi bi-exclamation-octagon-fill\" viewbox=\"0 0 16 16\">   <path d=\"M11.46.146A.5.5 0 0 0 11.107 0H4.893a.5.5 0 0 0-.353.146L.146 4.54A.5.5 0 0 0 0 4.893v6.214a.5.5 0 0 0 .146.353l4.394 4.394a.5.5 0 0 0 .353.146h6.214a.5.5 0 0 0 .353-.146l4.394-4.394a.5.5 0 0 0 .146-.353V4.893a.5.5 0 0 0-.146-.353L11.46.146zM8 4c.535 0 .954.462.9.995l-.35 3.507a.552.552 0 0 1-1.1 0L7.1 4.995A.905.905 0 0 1 8 4zm.002 6a1 1 0 1 1 0 2 1 1 0 0 1 0-2z\"><\/path> <\/svg><\/span><span class=\"gb-headline-text\"><strong>Objetos Extraviados y Robados:<\/strong> Para cualquier consulta sobre art\u00edculos perdidos o robados, comun\u00edquese directamente con el Aeropuerto de Huatulco.<\/span><\/p>\n\n<p class=\"gb-headline gb-headline-60d1c0ec\"><span class=\"gb-icon\"><svg viewbox=\"0 0 16 16\" class=\"bi bi-envelope-fill\" fill=\"currentColor\" height=\"16\" width=\"16\" xmlns=\"http:\/\/www.w3.org\/2000\/svg\">   <path d=\"M.05 3.555A2 2 0 0 1 2 2h12a2 2 0 0 1 1.95 1.555L8 8.414.05 3.555ZM0 4.697v7.104l5.803-3.558L0 4.697ZM6.761 8.83l-6.57 4.027A2 2 0 0 0 2 14h12a2 2 0 0 0 1.808-1.144l-6.57-4.027L8 9.586l-1.239-.757Zm3.436-.586L16 11.801V4.697l-5.803 3.546Z\"><\/path> <\/svg><\/span><span class=\"gb-headline-text\"><strong>Correo electr\u00f3nico<\/strong> <a href=\"mailto:contactos@asur.com.mx\" target=\"_blank\" rel=\"noreferrer noopener\">contactos@asur.com.mx<\/a><\/span><\/p>\n\n<p class=\"gb-headline gb-headline-affb62f5\"><span class=\"gb-icon\"><svg viewbox=\"0 0 16 16\" class=\"bi bi-telephone-outbound-fill\" fill=\"currentColor\" height=\"16\" width=\"16\" xmlns=\"http:\/\/www.w3.org\/2000\/svg\">   <path d=\"M1.885.511a1.745 1.745 0 0 1 2.61.163L6.29 2.98c.329.423.445.974.315 1.494l-.547 2.19a.678.678 0 0 0 .178.643l2.457 2.457a.678.678 0 0 0 .644.178l2.189-.547a1.745 1.745 0 0 1 1.494.315l2.306 1.794c.829.645.905 1.87.163 2.611l-1.034 1.034c-.74.74-1.846 1.065-2.877.702a18.634 18.634 0 0 1-7.01-4.42 18.634 18.634 0 0 1-4.42-7.009c-.362-1.03-.037-2.137.703-2.877L1.885.511zM11 .5a.5.5 0 0 1 .5-.5h4a.5.5 0 0 1 .5.5v4a.5.5 0 0 1-1 0V1.707l-4.146 4.147a.5.5 0 0 1-.708-.708L14.293 1H11.5a.5.5 0 0 1-.5-.5z\" fill-rule=\"evenodd\"><\/path> <\/svg><\/span><span class=\"gb-headline-text\"><strong>Tel\u00e9fono:<\/strong> +52 9585819004<\/span><\/p>\n<\/div><\/div>\n<\/div>\n<\/div><\/div>\n<\/div>\n\n<div class=\"gb-container gb-container-d9e45e27\">\n<div class=\"gb-container gb-container-900029de\">\n<h2 class=\"gb-headline gb-headline-9930919d gb-headline-text\" id=\"plan-your-trip-to-huatulco\">Planea Tu Viaje a Huatulco<\/h2>\n\n<p class=\"gb-headline gb-headline-9f38e5e1 gb-headline-text\">\u00bfPlaneas un viaje a Huatulco? Aqu\u00ed tienes nuestros mejores recursos para planificar el itinerario perfecto para tu pr\u00f3xima visita a Huatulco, M\u00e9xico: desde renta de autos en el aeropuerto hasta hoteles, tours y traslados a todas las bah\u00edas de Huatulco y m\u00e1s, como Puerto \u00c1ngel, Zipolite, San Agustinillo, Mazunte, Puerto Escondido y m\u00e1s.<\/p>\n\n<div class=\"gb-grid-wrapper gb-grid-wrapper-4f6c8bc5\">\n<div class=\"gb-grid-column gb-grid-column-c4ab68d9\"><div class=\"gb-container gb-container-c4ab68d9 box-shadow\">\n<div class=\"gb-container gb-container-dee2ab0b\">\n\n<figure class=\"gb-block-image gb-block-image-9ecda98f\"><a href=\"https:\/\/www.huatulco-airport.com\/es\/renta-de-autos\/\"><img loading=\"lazy\" decoding=\"async\" width=\"960\" height=\"640\" class=\"gb-image gb-image-9ecda98f\" src=\"https:\/\/www.huatulco-airport.com\/wp-content\/uploads\/2023\/08\/Huatulco-Airport-Car-Rentals.jpg\" alt=\"Renta de Autos del Aeropuerto de Huatulco\" title=\"Renta de Autos del Aeropuerto de Huatulco\" srcset=\"https:\/\/www.huatulco-airport.com\/wp-content\/uploads\/2023\/08\/Huatulco-Airport-Car-Rentals.jpg 960w, https:\/\/www.huatulco-airport.com\/wp-content\/uploads\/2023\/08\/Huatulco-Airport-Car-Rentals-300x200.jpg 300w, https:\/\/www.huatulco-airport.com\/wp-content\/uploads\/2023\/08\/Huatulco-Airport-Car-Rentals-768x512.jpg 768w, https:\/\/www.huatulco-airport.com\/wp-content\/uploads\/2023\/08\/Huatulco-Airport-Car-Rentals-18x12.jpg 18w\" sizes=\"auto, (max-width: 960px) 100vw, 960px\" \/><\/a><\/figure>\n\n<\/div>\n<\/div><\/div>\n\n<div class=\"gb-grid-column gb-grid-column-0b48b3cc\"><div class=\"gb-container gb-container-0b48b3cc box-shadow\">\n<div class=\"gb-container gb-container-0f9ae649\">\n\n<figure class=\"gb-block-image gb-block-image-1929a089\"><a href=\"https:\/\/www.huatulco-airport.com\/es\/traslados-aeropuerto-huatulco\/\"><img loading=\"lazy\" decoding=\"async\" width=\"960\" height=\"640\" class=\"gb-image gb-image-1929a089\" src=\"https:\/\/www.huatulco-airport.com\/wp-content\/uploads\/2023\/08\/Huatulco-Airport-Transportation-Transfers.jpg\" alt=\"Traslados del Aeropuerto de Huatulco\" title=\"Traslados del Aeropuerto de Huatulco\" srcset=\"https:\/\/www.huatulco-airport.com\/wp-content\/uploads\/2023\/08\/Huatulco-Airport-Transportation-Transfers.jpg 960w, https:\/\/www.huatulco-airport.com\/wp-content\/uploads\/2023\/08\/Huatulco-Airport-Transportation-Transfers-300x200.jpg 300w, https:\/\/www.huatulco-airport.com\/wp-content\/uploads\/2023\/08\/Huatulco-Airport-Transportation-Transfers-768x512.jpg 768w, https:\/\/www.huatulco-airport.com\/wp-content\/uploads\/2023\/08\/Huatulco-Airport-Transportation-Transfers-18x12.jpg 18w\" sizes=\"auto, (max-width: 960px) 100vw, 960px\" \/><\/a><\/figure>\n\n<\/div>\n<\/div><\/div>\n\n<div class=\"gb-grid-column gb-grid-column-521f0a25\"><div class=\"gb-container gb-container-521f0a25 box-shadow\">\n<div class=\"gb-container gb-container-aed4530f\">\n\n<figure class=\"gb-block-image gb-block-image-a4f88aa5\"><a href=\"https:\/\/www.huatulco-airport.com\/es\/taxi-aeropuerto-huatulco\/\"><img loading=\"lazy\" decoding=\"async\" width=\"960\" height=\"640\" class=\"gb-image gb-image-a4f88aa5\" src=\"https:\/\/www.huatulco-airport.com\/wp-content\/uploads\/2023\/09\/Huatulco-Airport-Taxi.jpg\" alt=\"Taxi del Aeropuerto de Huatulco\" title=\"Taxi del Aeropuerto de Huatulco\" srcset=\"https:\/\/www.huatulco-airport.com\/wp-content\/uploads\/2023\/09\/Huatulco-Airport-Taxi.jpg 960w, https:\/\/www.huatulco-airport.com\/wp-content\/uploads\/2023\/09\/Huatulco-Airport-Taxi-300x200.jpg 300w, https:\/\/www.huatulco-airport.com\/wp-content\/uploads\/2023\/09\/Huatulco-Airport-Taxi-768x512.jpg 768w, https:\/\/www.huatulco-airport.com\/wp-content\/uploads\/2023\/09\/Huatulco-Airport-Taxi-18x12.jpg 18w\" sizes=\"auto, (max-width: 960px) 100vw, 960px\" \/><\/a><\/figure>\n\n<\/div>\n<\/div><\/div>\n\n<div class=\"gb-grid-column gb-grid-column-cb6669ad\"><div class=\"gb-container gb-container-cb6669ad box-shadow\">\n<div class=\"gb-container gb-container-3e9df6ff\">\n\n<figure class=\"gb-block-image gb-block-image-69c3adbb\"><a href=\"https:\/\/www.huatulco-airport.com\/es\/hoteles\/\"><img loading=\"lazy\" decoding=\"async\" width=\"960\" height=\"640\" class=\"gb-image gb-image-69c3adbb\" src=\"https:\/\/www.huatulco-airport.com\/wp-content\/uploads\/2023\/08\/Huatulco-Airport-Hotels.jpg\" alt=\"Hoteles del Aeropuerto de Huatulco\" title=\"Hoteles del Aeropuerto de Huatulco\" srcset=\"https:\/\/www.huatulco-airport.com\/wp-content\/uploads\/2023\/08\/Huatulco-Airport-Hotels.jpg 960w, https:\/\/www.huatulco-airport.com\/wp-content\/uploads\/2023\/08\/Huatulco-Airport-Hotels-300x200.jpg 300w, https:\/\/www.huatulco-airport.com\/wp-content\/uploads\/2023\/08\/Huatulco-Airport-Hotels-768x512.jpg 768w, https:\/\/www.huatulco-airport.com\/wp-content\/uploads\/2023\/08\/Huatulco-Airport-Hotels-18x12.jpg 18w\" sizes=\"auto, (max-width: 960px) 100vw, 960px\" \/><\/a><\/figure>\n\n<\/div>\n<\/div><\/div>\n\n<div class=\"gb-grid-column gb-grid-column-8ae91839\"><div class=\"gb-container gb-container-8ae91839 box-shadow\">\n<div class=\"gb-container gb-container-adcdd760\">\n\n<figure class=\"gb-block-image gb-block-image-d04dbc14\"><a href=\"https:\/\/www.huatulco-airport.com\/es\/tours-3\/\"><img loading=\"lazy\" decoding=\"async\" width=\"960\" height=\"640\" class=\"gb-image gb-image-d04dbc14\" src=\"https:\/\/www.huatulco-airport.com\/wp-content\/uploads\/2023\/08\/Huatulco-Airport-Tours.jpg\" alt=\"Huatulco Airport Tours\" title=\"Huatulco Airport Tours\" srcset=\"https:\/\/www.huatulco-airport.com\/wp-content\/uploads\/2023\/08\/Huatulco-Airport-Tours.jpg 960w, https:\/\/www.huatulco-airport.com\/wp-content\/uploads\/2023\/08\/Huatulco-Airport-Tours-300x200.jpg 300w, https:\/\/www.huatulco-airport.com\/wp-content\/uploads\/2023\/08\/Huatulco-Airport-Tours-768x512.jpg 768w, https:\/\/www.huatulco-airport.com\/wp-content\/uploads\/2023\/08\/Huatulco-Airport-Tours-18x12.jpg 18w\" sizes=\"auto, (max-width: 960px) 100vw, 960px\" \/><\/a><\/figure>\n\n<\/div>\n<\/div><\/div>\n<\/div>\n<\/div>\n<\/div>","protected":false},"excerpt":{"rendered":"<p>Plan Your Trip to Huatulco Planning a trip to Huatulco? Here are our best resources for planning the perfect itinerary for your upcoming visit to Huatulco, Mexico &#8212; from airport car rentals to hotels, tours and airport transfers to the all of the bays of Huatulco and beyond to Puerto \u00c1ngel, Zipolite, San Agustinillo, Mazunte, &#8230; <a title=\"Contacto\" class=\"read-more\" href=\"https:\/\/www.huatulco-airport.com\/es\/contacto\/\" aria-label=\"Leer m\u00e1s sobre Contact\">Read more<\/a><\/p>","protected":false},"author":2,"featured_media":0,"parent":0,"menu_order":0,"comment_status":"closed","ping_status":"closed","template":"","meta":{"footnotes":""},"class_list":["post-9066","page","type-page","status-publish"],"_links":{"self":[{"href":"https:\/\/www.huatulco-airport.com\/es\/wp-json\/wp\/v2\/pages\/9066","targetHints":{"allow":["GET"]}}],"collection":[{"href":"https:\/\/www.huatulco-airport.com\/es\/wp-json\/wp\/v2\/pages"}],"about":[{"href":"https:\/\/www.huatulco-airport.com\/es\/wp-json\/wp\/v2\/types\/page"}],"author":[{"embeddable":true,"href":"https:\/\/www.huatulco-airport.com\/es\/wp-json\/wp\/v2\/users\/2"}],"replies":[{"embeddable":true,"href":"https:\/\/www.huatulco-airport.com\/es\/wp-json\/wp\/v2\/comments?post=9066"}],"version-history":[{"count":4,"href":"https:\/\/www.huatulco-airport.com\/es\/wp-json\/wp\/v2\/pages\/9066\/revisions"}],"predecessor-version":[{"id":10256,"href":"https:\/\/www.huatulco-airport.com\/es\/wp-json\/wp\/v2\/pages\/9066\/revisions\/10256"}],"wp:attachment":[{"href":"https:\/\/www.huatulco-airport.com\/es\/wp-json\/wp\/v2\/media?parent=9066"}],"curies":[{"name":"wp","href":"https:\/\/api.w.org\/{rel}","templated":true}]}}