{"id":8973,"date":"2023-08-10T16:59:40","date_gmt":"2023-08-10T21:59:40","guid":{"rendered":"https:\/\/www.huatulco-airport.com\/?page_id=8973"},"modified":"2024-08-19T17:07:36","modified_gmt":"2024-08-19T23:07:36","slug":"politica-de-privacidad","status":"publish","type":"page","link":"https:\/\/www.huatulco-airport.com\/es\/politica-de-privacidad\/","title":{"rendered":"Pol\u00edtica de Privacidad"},"content":{"rendered":"<div class=\"gb-container gb-container-cd73bdb0\">\n<div class=\"gb-container gb-container-61e0d8d8\">\n<h1 class=\"gb-headline gb-headline-6baabf3c gb-headline-text\" id=\"privacy-policy\">Pol\u00edtica de Privacidad<\/h1>\n\n\n<p>Esta Pol\u00edtica de Privacidad rige la manera en que Huatulco Airport Guide recopila, usa, mantiene y divulga la informaci\u00f3n recopilada de los usuarios (cada uno, un \"Usuario\") de&nbsp;<a href=\"https:\/\/www.huatulco-airport.com\/es\/\">https:\/\/www.huatulco-airport.com\/<\/a> p\u00e1gina web (\"Sitio\").<\/p>\n\n\n\n<p>Esta pol\u00edtica de privacidad se aplica al Sitio y a todos los productos y servicios ofrecidos por Huatulco Airport Guide.<\/p>\n\n\n<h2 class=\"gb-headline gb-headline-fad7bce6 gb-headline-text\" id=\"personal-identification-information\">Informaci\u00f3n de identificaci\u00f3n personal<\/h2>\n\n\n<p>Podemos recopilar informaci\u00f3n de identificaci\u00f3n personal de los Usuarios de diversas maneras en relaci\u00f3n con las actividades, servicios, funciones o recursos que ponemos a su disposici\u00f3n en nuestro sitio. Los Usuarios pueden visitar nuestro Sitio de forma an\u00f3nima. Recopilaremos informaci\u00f3n de identificaci\u00f3n personal de los Usuarios solo si nos la proporcionan voluntariamente. Los Usuarios siempre pueden negarse a proporcionar informaci\u00f3n de identificaci\u00f3n personal, salvo que esto les impida participar en ciertas actividades relacionadas con el Sitio.<\/p>\n\n\n<h2 class=\"gb-headline gb-headline-69de7d37 gb-headline-text\" id=\"nonpersonal-identification-information\">Informaci\u00f3n de Identificaci\u00f3n No-Personal<\/h2>\n\n\n<p>Podemos recopilar informaci\u00f3n de identificaci\u00f3n no personal sobre los Usuarios cuando interact\u00faan con nuestro Sitio. Esta informaci\u00f3n puede incluir el nombre del navegador, el tipo de ordenador e informaci\u00f3n t\u00e9cnica sobre el medio de conexi\u00f3n de los Usuarios a nuestro Sitio, como el sistema operativo y los proveedores de servicios de internet utilizados, entre otros datos similares.<\/p>\n\n\n<h2 class=\"gb-headline gb-headline-f91b79d1 gb-headline-text\" id=\"web-browser-cookies\">Cookies del navegador web<\/h2>\n\n\n<p>Nuestro Sitio puede utilizar cookies para mejorar la experiencia del usuario. Su navegador web almacena cookies en su disco duro para fines de registro y, en ocasiones, para rastrear informaci\u00f3n sobre \u00e9l. El usuario puede configurar su navegador para que rechace las cookies o para que le avise cuando se env\u00eden. Si lo hace, tenga en cuenta que algunas partes del Sitio podr\u00edan no funcionar correctamente.<\/p>\n\n\n<h2 class=\"gb-headline gb-headline-94b09128 gb-headline-text\" id=\"how-we-use-collected-information\">Como utilizamos la informaci\u00f3n recolectada<\/h2>\n\n\n<p>Huatulco Airport Guide puede recolectar y usar la informaci\u00f3n personal de Usuario para alguno de los siguientes prop\u00f3sitos:<\/p>\n\n\n\n<ul class=\"wp-block-list\">\n<li><em>\u2013 Para mejorar el servicio al cliente<\/em>&nbsp;La informaci\u00f3n que usted proporciona nos ayuda a responder a sus solicitudes de servicio al cliente y necesidades de soporte de manera m\u00e1s eficiente.<\/li>\n\n\n\n<li><em>\u2013 Para mejorar nuestro sitio<\/em>&nbsp;Podemos usar su retroalimentaci\u00f3n para mejorar nuestros productos y servicios.<\/li>\n<\/ul>\n\n\n<h2 class=\"gb-headline gb-headline-9134908c gb-headline-text\" id=\"how-we-protect-your-information\">Como protegemos su informaci\u00f3n<\/h2>\n\n\n<p>Adoptamos pr\u00e1cticas adecuadas de recopilaci\u00f3n, almacenamiento y procesamiento de datos y medidas de seguridad para proteger contra el acceso no autorizado, la alteraci\u00f3n, la divulgaci\u00f3n o la destrucci\u00f3n de su informaci\u00f3n personal, nombre de usuario, contrase\u00f1a, informaci\u00f3n de transacciones y datos almacenados en nuestro Sitio.<\/p>\n\n\n<h2 class=\"gb-headline gb-headline-c2b0e107 gb-headline-text\" id=\"sharing-your-personal-information\">Compartiendo su informaci\u00f3n personal<\/h2>\n\n\n<p>No vendemos, intercambiamos ni alquilamos la informaci\u00f3n de identificaci\u00f3n personal de los Usuarios a terceros. Podemos compartir informaci\u00f3n demogr\u00e1fica agregada gen\u00e9rica, no vinculada a ning\u00fan dato de identificaci\u00f3n personal, sobre visitantes y usuarios con nuestros socios comerciales, afiliados de confianza y anunciantes para los fines descritos anteriormente.<\/p>\n\n\n<h2 class=\"gb-headline gb-headline-fb3af252 gb-headline-text\" id=\"changes-to-this-privacy-policy\">Cambios a la Pol\u00edtica de Privacidad<\/h2>\n\n\n<p>Huatulco Airport Guide se reserva el derecho de actualizar esta pol\u00edtica de privacidad en cualquier momento. Al hacerlo, publicaremos una notificaci\u00f3n en la p\u00e1gina principal de nuestro Sitio. Recomendamos a los usuarios que revisen esta p\u00e1gina con frecuencia para mantenerse informados sobre c\u00f3mo protegemos la informaci\u00f3n personal que recopilamos. Usted reconoce y acepta que es su responsabilidad revisar esta pol\u00edtica de privacidad peri\u00f3dicamente y estar al tanto de las modificaciones.<\/p>\n\n\n<h2 class=\"gb-headline gb-headline-b679edad gb-headline-text\" id=\"your-acceptance-of-these-terms\">Su aceptaci\u00f3n a estos t\u00e9rminos<\/h2>\n\n\n<p>Al usar este Sitio, usted acepta esta pol\u00edtica. Si no la acepta, le rogamos que no utilice nuestro Sitio. Su uso continuado del Sitio tras la publicaci\u00f3n de los cambios a esta pol\u00edtica se considerar\u00e1 como su aceptaci\u00f3n de dichos cambios.<\/p>\n\n\n<h2 class=\"gb-headline gb-headline-bd8c53fa gb-headline-text\" id=\"contact-us\">Cont\u00e1ctanos<\/h2>\n\n\n<p>Si tiene alguna pregunta sobre esta Pol\u00edtica de privacidad, las pr\u00e1cticas de este sitio o sus relaciones con este sitio, cont\u00e1ctenos a:&nbsp;<a href=\"https:\/\/www.huatulco-airport.com\/es\/\">Huatulco Airport Guide<\/a>&nbsp;| airportsdirectory[arroba]gmail[punto]com<\/p>\n\n\n\n<p><a href=\"https:\/\/www.huatulco-airport.com\/es\/aviso-legal\/\" data-type=\"page\" data-id=\"8001\">Aviso Legal<\/a><\/p>\n\n<\/div>\n<\/div>","protected":false},"excerpt":{"rendered":"<p>Privacy Policy This Privacy Policy governs the manner in which Huatulco Airport Guide collects, uses, maintains and discloses information collected from users (each, a \u201cUser\u201d) of the&nbsp;https:\/\/www.huatulco-airport.com\/ website (\u201cSite\u201d). This privacy policy applies to the Site and all products and services offered by Huatulco Airport Guide. Personal identification information We may collect personal identification information &#8230; <a title=\"Pol\u00edtica de Privacidad\" class=\"read-more\" href=\"https:\/\/www.huatulco-airport.com\/es\/politica-de-privacidad\/\" aria-label=\"Leer m\u00e1s sobre Privacy Policy\">Read more<\/a><\/p>","protected":false},"author":2,"featured_media":0,"parent":0,"menu_order":0,"comment_status":"closed","ping_status":"closed","template":"","meta":{"footnotes":""},"class_list":["post-8973","page","type-page","status-publish"],"_links":{"self":[{"href":"https:\/\/www.huatulco-airport.com\/es\/wp-json\/wp\/v2\/pages\/8973","targetHints":{"allow":["GET"]}}],"collection":[{"href":"https:\/\/www.huatulco-airport.com\/es\/wp-json\/wp\/v2\/pages"}],"about":[{"href":"https:\/\/www.huatulco-airport.com\/es\/wp-json\/wp\/v2\/types\/page"}],"author":[{"embeddable":true,"href":"https:\/\/www.huatulco-airport.com\/es\/wp-json\/wp\/v2\/users\/2"}],"replies":[{"embeddable":true,"href":"https:\/\/www.huatulco-airport.com\/es\/wp-json\/wp\/v2\/comments?post=8973"}],"version-history":[{"count":4,"href":"https:\/\/www.huatulco-airport.com\/es\/wp-json\/wp\/v2\/pages\/8973\/revisions"}],"predecessor-version":[{"id":10303,"href":"https:\/\/www.huatulco-airport.com\/es\/wp-json\/wp\/v2\/pages\/8973\/revisions\/10303"}],"wp:attachment":[{"href":"https:\/\/www.huatulco-airport.com\/es\/wp-json\/wp\/v2\/media?parent=8973"}],"curies":[{"name":"wp","href":"https:\/\/api.w.org\/{rel}","templated":true}]}}