{"id":8939,"date":"2023-08-10T16:51:15","date_gmt":"2023-08-10T21:51:15","guid":{"rendered":"https:\/\/www.huatulco-airport.com\/?page_id=8939"},"modified":"2024-08-10T08:03:39","modified_gmt":"2024-08-10T14:03:39","slug":"aerolineas","status":"publish","type":"page","link":"https:\/\/www.huatulco-airport.com\/es\/aerolineas\/","title":{"rendered":"Aerol\u00edneas"},"content":{"rendered":"<div class=\"gb-container gb-container-046d357a\"><div class=\"gb-inside-container\">\n<div class=\"gb-grid-wrapper gb-grid-wrapper-6280ad7b\">\n<div class=\"gb-grid-column gb-grid-column-e696f04a\"><div class=\"gb-container gb-container-e696f04a\"><div class=\"gb-inside-container\">\n\n<figure class=\"gb-block-image gb-block-image-d1676282\"><img loading=\"lazy\" decoding=\"async\" width=\"960\" height=\"640\" class=\"gb-image gb-image-d1676282\" src=\"https:\/\/www.huatulco-airport.com\/wp-content\/uploads\/2024\/04\/Huatulco-Airport-Airlines.jpg\" alt=\"\" title=\"Huatulco-Airport-Airlines\" srcset=\"https:\/\/www.huatulco-airport.com\/wp-content\/uploads\/2024\/04\/Huatulco-Airport-Airlines.jpg 960w, https:\/\/www.huatulco-airport.com\/wp-content\/uploads\/2024\/04\/Huatulco-Airport-Airlines-300x200.jpg 300w, https:\/\/www.huatulco-airport.com\/wp-content\/uploads\/2024\/04\/Huatulco-Airport-Airlines-768x512.jpg 768w, https:\/\/www.huatulco-airport.com\/wp-content\/uploads\/2024\/04\/Huatulco-Airport-Airlines-18x12.jpg 18w\" sizes=\"auto, (max-width: 960px) 100vw, 960px\"><\/figure>\n\n<\/div><\/div><\/div>\n\n<div class=\"gb-grid-column gb-grid-column-76b361f3\"><div class=\"gb-container gb-container-76b361f3\"><div class=\"gb-inside-container\">\n<h2 class=\"gb-headline gb-headline-abccfb89 gb-headline-text\" id=\"airlines-flying-to-huatulco-airport\">Aerol\u00edneas Volando al Aeropuerto de Huatulco<gwmw style=\"display:none;\"><\/gwmw><\/h2>\n\n\n<p>El Aeropuerto de Huatulco recibe vuelos directos desde un total de 11 aeropuertos localizados en 2 diferentes pa\u00edses. La mayor\u00eda de estos vuelos salen del Aeropuerto de la Ciudad de M\u00e9xico (MEX) y Aeropuerto de Santa Lucia (NLU).<\/p>\n\n\n\n<p>La Aerol\u00ednea WestJet es la principal conectora en Huatulco con otros cinco destinos. Volaris opera como la segunda m\u00e1s frecuente.<gwmw style=\"display: none; background-color: transparent;\"><\/gwmw><\/p>\n\n\n\n<p>Descubre las aerol\u00edneas que vuelan al Aeropuerto de Huatulco, junto con sus c\u00f3digos en la siguiente tabla.<gwmw style=\"display: none; background-color: transparent;\"><\/gwmw><gwmw style=\"display: none; background-color: transparent;\"><\/gwmw><gwmw style=\"display: none; background-color: transparent;\"><\/gwmw><\/p>\n\n\n\n<div class=\"wp-block-columns is-layout-flex wp-container-core-columns-is-layout-9d6595d7 wp-block-columns-is-layout-flex\">\n<div class=\"wp-block-column is-layout-flow wp-block-column-is-layout-flow\"><div class=\"gb-button-wrapper gb-button-wrapper-d61a5a2c\">\n\n<a class=\"gb-button gb-button-fa9148b1\" href=\"https:\/\/www.huatulco-airport.com\/es\/llegadas\/\"><span class=\"gb-icon\"><svg xmlns=\"http:\/\/www.w3.org\/2000\/svg\" xmlns:xlink=\"http:\/\/www.w3.org\/1999\/xlink\" viewbox=\"0 0 640 512\"><path d=\"M624 448H16c-8.84 0-16 7.16-16 16v32c0 8.84 7.16 16 16 16h608c8.84 0 16-7.16 16-16v-32c0-8.84-7.16-16-16-16zM44.81 205.66l88.74 80a62.607 62.607 0 0 0 25.47 13.93l287.6 78.35c26.48 7.21 54.56 8.72 81 1.36c29.67-8.27 43.44-21.21 47.25-35.71c3.83-14.5-1.73-32.71-23.37-54.96c-19.28-19.82-44.35-32.79-70.83-40l-97.51-26.56L282.8 30.22c-1.51-5.81-5.95-10.35-11.66-11.91L206.05.58c-10.56-2.88-20.9 5.32-20.71 16.44l47.92 164.21l-102.2-27.84l-27.59-67.88c-1.93-4.89-6.01-8.57-11.02-9.93L52.72 64.75c-10.34-2.82-20.53 5-20.72 15.88l.23 101.78c.19 8.91 6.03 17.34 12.58 23.25z\" fill=\"currentColor\"><\/path><\/svg><\/span><span class=\"gb-button-text\">LLEGADAS<gwmw style=\"display:none;\"><\/gwmw><\/span><\/a>\n\n<\/div><\/div>\n\n\n\n<div class=\"wp-block-column is-layout-flow wp-block-column-is-layout-flow\"><div class=\"gb-button-wrapper gb-button-wrapper-c538aa86\">\n\n<a class=\"gb-button gb-button-8ba051f0\" href=\"https:\/\/www.huatulco-airport.com\/es\/salidas\/\"><span class=\"gb-icon\"><svg xmlns=\"http:\/\/www.w3.org\/2000\/svg\" xmlns:xlink=\"http:\/\/www.w3.org\/1999\/xlink\" viewbox=\"0 0 640 512\"><path d=\"M624 448H16c-8.84 0-16 7.16-16 16v32c0 8.84 7.16 16 16 16h608c8.84 0 16-7.16 16-16v-32c0-8.84-7.16-16-16-16zM80.55 341.27c6.28 6.84 15.1 10.72 24.33 10.71l130.54-.18a65.62 65.62 0 0 0 29.64-7.12l290.96-147.65c26.74-13.57 50.71-32.94 67.02-58.31c18.31-28.48 20.3-49.09 13.07-63.65c-7.21-14.57-24.74-25.27-58.25-27.45c-29.85-1.94-59.54 5.92-86.28 19.48l-98.51 49.99l-218.7-82.06a17.799 17.799 0 0 0-18-1.11L90.62 67.29c-10.67 5.41-13.25 19.65-5.17 28.53l156.22 98.1l-103.21 52.38l-72.35-36.47a17.804 17.804 0 0 0-16.07.02L9.91 230.22c-10.44 5.3-13.19 19.12-5.57 28.08l76.21 82.97z\" fill=\"currentColor\"><\/path><\/svg><\/span><span class=\"gb-button-text\">SALIDAS<\/span><\/a>\n\n<\/div><\/div>\n<\/div>\n\n<\/div><\/div><\/div>\n<\/div>\n<\/div><\/div>\n\n<div class=\"gb-container gb-container-37e31c47\"><div class=\"gb-inside-container\">\n<h2 class=\"gb-headline gb-headline-e3db2a27 gb-headline-text\" id=\"airlines-flying-to-huatulco\">Aerol\u00edneas que vuelan a Huatulco <gwmw style=\"display: none; background-color: transparent;\"><\/gwmw><gwmw style=\"display:none;\"><\/gwmw><\/h2>\n\n\n<p>Seis aerol\u00edneas incluyendo Aeromexico, Air Canada, American Airlines, VivaAerobus, Volaris, y WestJet, proveen vuelos a y desde el Aeropuerto de Huatulco.<\/p>\n\n\n\n<figure class=\"wp-block-table is-style-stripes\"><table><thead><tr><th class=\"has-text-align-left\" data-align=\"left\">\ud83d\udee9 Aerol\u00edneas:<\/th><th class=\"has-text-align-left\" data-align=\"left\">C\u00f3digo IATA:<\/th><th class=\"has-text-align-left\" data-align=\"left\">C\u00f3digo ICAO<\/th><\/tr><\/thead><tbody><tr><td class=\"has-text-align-left\" data-align=\"left\"><span style=\"text-decoration: underline;\"><a href=\"https:\/\/www.huatulco-airport.com\/es\/aerolineas\/aeromexico\/\">Aeromexico<\/a><\/span><\/td><td class=\"has-text-align-left\" data-align=\"left\">AM<\/td><td class=\"has-text-align-left\" data-align=\"left\">AMX<gwmw style=\"display:none;\"><\/gwmw><\/td><\/tr><tr><td class=\"has-text-align-left\" data-align=\"left\"><span style=\"text-decoration: underline;\"><a href=\"https:\/\/www.huatulco-airport.com\/es\/aerolineas\/air-canada\/\">Air Canada<\/a><\/span><\/td><td class=\"has-text-align-left\" data-align=\"left\">AC<gwmw style=\"display:none;\"><\/gwmw><\/td><td class=\"has-text-align-left\" data-align=\"left\">ACA<gwmw style=\"display:none;\"><\/gwmw><\/td><\/tr><tr><td class=\"has-text-align-left\" data-align=\"left\">American Airlines<gwmw style=\"display:none;\"><\/gwmw><\/td><td class=\"has-text-align-left\" data-align=\"left\">AA<\/td><td class=\"has-text-align-left\" data-align=\"left\">AAL<\/td><\/tr><tr><td class=\"has-text-align-left\" data-align=\"left\"><span style=\"text-decoration: underline;\"><a href=\"https:\/\/www.huatulco-airport.com\/es\/aerolineas\/vivaaerobus\/\" data-type=\"link\" data-id=\"https:\/\/www.huatulco-airport.com\/airlines\/vivaaerobus\/\">VivaAerobus<\/a><\/span><gwmw style=\"display:none;\"><\/gwmw><\/td><td class=\"has-text-align-left\" data-align=\"left\">VB<gwmw style=\"display:none;\"><\/gwmw><\/td><td class=\"has-text-align-left\" data-align=\"left\">VIV<gwmw style=\"display:none;\"><\/gwmw><\/td><\/tr><tr><td class=\"has-text-align-left\" data-align=\"left\"><span style=\"text-decoration: underline;\"><a href=\"https:\/\/www.huatulco-airport.com\/es\/aerolineas\/volaris\/\">Volaris<\/a><\/span><\/td><td class=\"has-text-align-left\" data-align=\"left\">Y4<gwmw style=\"display:none;\"><\/gwmw><\/td><td class=\"has-text-align-left\" data-align=\"left\">VOI<gwmw style=\"display:none;\"><\/gwmw><\/td><\/tr><tr><td class=\"has-text-align-left\" data-align=\"left\"><span style=\"text-decoration: underline;\"><a href=\"https:\/\/www.huatulco-airport.com\/es\/aerolineas\/westjet\/\">WestJet<\/a><\/span><gwmw style=\"display:none;\"><\/gwmw><\/td><td class=\"has-text-align-left\" data-align=\"left\">WS<gwmw style=\"display:none;\"><\/gwmw><\/td><td class=\"has-text-align-left\" data-align=\"left\">WJA<gwmw style=\"display:none;\"><\/gwmw><\/td><\/tr><\/tbody><\/table><\/figure>\n\n\n\n<p><gwmw style=\"display:none;\"><\/gwmw><gwmw style=\"display:none;\"><\/gwmw><gwmw style=\"display:none;\"><\/gwmw><gwmw style=\"display:none;\"><\/gwmw><\/p>\n\n<\/div><\/div>\n\n<div class=\"gb-container gb-container-4c94d376\"><div class=\"gb-inside-container\">\n<h2 class=\"gb-headline gb-headline-5ca6c337 gb-headline-text\" id=\"direct-flights-to-huatulco\">Vuelos directos a Huatulco<gwmw style=\"display:none;\"><\/gwmw><\/h2>\n\n\n<p>Esta tabla contiene la lista de los aeropuertos que tienen vuelos directos al Aeropuerto de Huatulco. Esto incluye los c\u00f3digos de aeropuerto y del pa\u00eds de cada aeropuerto.<\/p>\n\n\n\n<figure class=\"wp-block-table is-style-stripes\"><table><thead><tr><th class=\"has-text-align-left\" data-align=\"left\">\u2708\ufe0f Nombre del Aeropuerto:<gwmw style=\"display:none;\"><\/gwmw><\/th><th class=\"has-text-align-left\" data-align=\"left\">C\u00f3digo del Aeropuerto:<gwmw style=\"display:none;\"><\/gwmw><\/th><th class=\"has-text-align-left\" data-align=\"left\"><a href=\"Country:\">Pa\u00eds<\/a>:<gwmw style=\"display: none; background-color: transparent;\"><\/gwmw><\/th><\/tr><\/thead><tbody><tr><td class=\"has-text-align-left\" data-align=\"left\">Aeropuerto de Calgary<\/td><td class=\"has-text-align-left\" data-align=\"left\">YYC<\/td><td class=\"has-text-align-left\" data-align=\"left\">CA<\/td><\/tr><tr><td class=\"has-text-align-left\" data-align=\"left\">Aeropuerto de Chicago<\/td><td class=\"has-text-align-left\" data-align=\"left\">ORD<\/td><td class=\"has-text-align-left\" data-align=\"left\">US<\/td><\/tr><tr><td class=\"has-text-align-left\" data-align=\"left\">Aeropuerto de Dallas-Fort Worth<gwmw style=\"display:none;\"><\/gwmw><\/td><td class=\"has-text-align-left\" data-align=\"left\">DFW<\/td><td class=\"has-text-align-left\" data-align=\"left\">US<\/td><\/tr><tr><td class=\"has-text-align-left\" data-align=\"left\">Aeropuerto de Edmonton<gwmw style=\"display:none;\"><\/gwmw><\/td><td class=\"has-text-align-left\" data-align=\"left\">YEG<\/td><td class=\"has-text-align-left\" data-align=\"left\">CA<gwmw style=\"display:none;\"><\/gwmw><\/td><\/tr><tr><td class=\"has-text-align-left\" data-align=\"left\"><span style=\"text-decoration: underline;\"><a href=\"https:\/\/theguadalajaraairport.com\/\" target=\"_blank\" rel=\"noreferrer noopener\">Aeropuerto de Guadalajara<\/a><\/span><gwmw style=\"display:none;\"><\/gwmw><\/td><td class=\"has-text-align-left\" data-align=\"left\">GDL<\/td><td class=\"has-text-align-left\" data-align=\"left\">MX<\/td><\/tr><tr><td class=\"has-text-align-left\" data-align=\"left\"><span style=\"text-decoration: underline;\"><a href=\"https:\/\/themexicocityairport.com\/\" target=\"_blank\" rel=\"noreferrer noopener\">Aeropuerto de la Ciudad de M\u00e9xico<\/a><\/span><gwmw style=\"display:none;\"><\/gwmw><\/td><td class=\"has-text-align-left\" data-align=\"left\">MEX<gwmw style=\"display:none;\"><\/gwmw><\/td><td class=\"has-text-align-left\" data-align=\"left\">MX<\/td><\/tr><tr><td class=\"has-text-align-left\" data-align=\"left\"><span style=\"text-decoration: underline;\"><a href=\"https:\/\/nluairport.com\/\" target=\"_blank\" rel=\"noreferrer noopener\">Aeropuerto de Santa Luc\u00eda de la Ciudad de M\u00e9xico<\/a><\/span><gwmw style=\"display:none;\"><\/gwmw><\/td><td class=\"has-text-align-left\" data-align=\"left\">NLU<\/td><td class=\"has-text-align-left\" data-align=\"left\">MX<\/td><\/tr><tr><td class=\"has-text-align-left\" data-align=\"left\">Aeropuerto de Monterrey<\/td><td class=\"has-text-align-left\" data-align=\"left\">MTY<\/td><td class=\"has-text-align-left\" data-align=\"left\">MX<\/td><\/tr><tr><td class=\"has-text-align-left\" data-align=\"left\">Aeropuerto de Toronto<\/td><td class=\"has-text-align-left\" data-align=\"left\">YYZ<\/td><td class=\"has-text-align-left\" data-align=\"left\">CA<\/td><\/tr><tr><td class=\"has-text-align-left\" data-align=\"left\">Aeropuerto de Vancouver<\/td><td class=\"has-text-align-left\" data-align=\"left\">YVR<\/td><td class=\"has-text-align-left\" data-align=\"left\">CA<\/td><\/tr><tr><td class=\"has-text-align-left\" data-align=\"left\">Aeropuerto de Winnipeg<\/td><td class=\"has-text-align-left\" data-align=\"left\">YWG<\/td><td class=\"has-text-align-left\" data-align=\"left\">CA<\/td><\/tr><\/tbody><\/table><figcaption class=\"wp-element-caption\"><gwmw style=\"display:none;\"><\/gwmw><gwmw style=\"display:none;\"><\/gwmw><gwmw style=\"display:none;\"><\/gwmw><\/figcaption><\/figure>\n\n<\/div><\/div>\n\n<div class=\"gb-container gb-container-5a622f8b\" id=\"faq\">\n<div class=\"gb-container gb-container-6bdb3e67\"><div class=\"gb-inside-container\">\n<h2 class=\"gb-headline gb-headline-cb8b41d4 gb-headline-text\" id=\"frequently-asked-questions\">Preguntas Frecuentes<\/h2>\n\n<h3 class=\"gb-headline gb-headline-aff3ab25 gb-headline-text\" id=\"how-many-airlines-fly-to-huatulco-oaxaca\">\u00bfCu\u00e1ntas aerol\u00edneas vuelan a Huatulco, Oaxaca?<gwmw style=\"display:none;\"><\/gwmw><gwmw style=\"display:none;\"><\/gwmw><gwmw style=\"display:none;\"><\/gwmw><\/h3>\n\n\n<p>Siete aerol\u00edneas diferentes ofrecen vuelos a Huatulco, incluyendo Aerom\u00e9xico, Aerotuc\u00e1n, Air Canada, American Airlines, VivaAerobus, WestJet, y Volaris.<\/p>\n\n\n\n<p>Todas las aerol\u00edneas antes mencionadas operan en en vuelos directos programados al Aeropuerto de Huatulco.<\/p>\n\n\n<h3 class=\"gb-headline gb-headline-eb398473 gb-headline-text\" id=\"what-us-cities-fly-direct-to-huatulco\">\u00bfQu\u00e9 ciudades de EUA vuelan directo a Huatulco?<gwmw style=\"display:none;\"><\/gwmw><\/h3>\n\n\n<p>Chicago and Dallas-Fort Worth  son las \u00fanicas dos ciudades en EUA que vuelan directo a Huatulco.<\/p>\n\n\n\n<p>Volaris y American Airlines operan vuelos directos programados a Huatulco desde Chicago y Dallas-Fort Worth respectivamente.<\/p>\n\n\n<h3 class=\"gb-headline gb-headline-2b934a87 gb-headline-text\" id=\"is-westjet-still-flying-to-huatulco\">\u00bfWestJet a\u00fan vuela a Huatulco?<\/h3>\n\n\n<p>WestJet realiza dos viajes directos al Aeropuerto Internacional de Huatulco (HUX) por semana, tanto en temporada alta como fuera de ella.<\/p>\n\n\n<h3 class=\"gb-headline gb-headline-d54a2f07 gb-headline-text\" id=\"which-canadian-airlines-fly-to-huatulco\">\u00bfQu\u00e9 aerol\u00edneas Canadienses vuelan a M\u00e9xico?<\/h3>\n\n\n<p>Air Canada and WestJet son las \u00fanicas dos aerol\u00edneas Canadienses que vuelan al Aeropuerto Internacional de Huatulco (HUX).<\/p>\n\n\n\n<p>Air Canada realiza un m\u00ednimo de cinco vuelos por d\u00eda al Aeropuerto Internacional de Huatulco (HUX) desde cada uno de sus centros, mientras que WestJest es la \u00fanica aerol\u00ednea que ofrece dos vuelos directos por semana desde Vancouver, Calgary y Toronto.<\/p>\n\n<\/div><\/div>\n<\/div>\n\n<div class=\"gb-container gb-container-fa2f2878\"><div class=\"gb-inside-container\">\n<h2 class=\"gb-headline gb-headline-0b841943 gb-headline-text\" id=\"book-flights-to-huatulco-airport\">Reserva un vuelo al Aeropuerto de Huatulco<\/h2>\n\n\n<div\n  data-skyscanner-widget=\"FlightSearchWidget\"\n  data-locale=\"en-US\"\n  data-market=\"US\"\n  data-currency=\"USD\"\n  data-campaign-id=\"13416\"\n  data-media-partner-id=\"3515634\"\n  data-ad-id=\"1103262\"\n  data-button-colour=\"malt\"\n  data-button-text-size=\"1.5\"\n  data-hide-powered-by=\"true\"\n  data-responsive=\"true\"\n><\/div>\n<script src=\"https:\/\/widgets.skyscanner.net\/widget-server\/js\/loader.js\" async><\/script>\n\n\n<h2 class=\"gb-headline gb-headline-9acea6ee gb-headline-text\" id=\"\"><gwmw style=\"display:none;\"><\/gwmw><gwmw style=\"display:none;\"><\/gwmw><gwmw style=\"display:none;\"><\/gwmw><\/h2>\n<\/div><\/div>\n\n\n<p><gwmw style=\"display:none;\"><\/gwmw><\/p>","protected":false},"excerpt":{"rendered":"<p>Airlines Flying to Huatulco Six airlines, including Aeromexico, Air Canada, American Airlines, VivaAerobus, Volaris, and WestJet, provide flights to and from Huatulco Airport. \ud83d\udee9 Airlines: IATA Code: ICAO Code: Aeromexico AM AMX Air Canada AC ACA American Airlines AA AAL VivaAerobus VB VIV Volaris Y4 VOI WestJet WS WJA Direct Flights to Huatulco This table &#8230; <a title=\"Aerol\u00edneas\" class=\"read-more\" href=\"https:\/\/www.huatulco-airport.com\/es\/aerolineas\/\" aria-label=\"Leer m\u00e1s sobre Airlines\">Read more<\/a><\/p>","protected":false},"author":2,"featured_media":0,"parent":0,"menu_order":0,"comment_status":"closed","ping_status":"closed","template":"","meta":{"footnotes":""},"class_list":["post-8939","page","type-page","status-publish"],"_links":{"self":[{"href":"https:\/\/www.huatulco-airport.com\/es\/wp-json\/wp\/v2\/pages\/8939","targetHints":{"allow":["GET"]}}],"collection":[{"href":"https:\/\/www.huatulco-airport.com\/es\/wp-json\/wp\/v2\/pages"}],"about":[{"href":"https:\/\/www.huatulco-airport.com\/es\/wp-json\/wp\/v2\/types\/page"}],"author":[{"embeddable":true,"href":"https:\/\/www.huatulco-airport.com\/es\/wp-json\/wp\/v2\/users\/2"}],"replies":[{"embeddable":true,"href":"https:\/\/www.huatulco-airport.com\/es\/wp-json\/wp\/v2\/comments?post=8939"}],"version-history":[{"count":16,"href":"https:\/\/www.huatulco-airport.com\/es\/wp-json\/wp\/v2\/pages\/8939\/revisions"}],"predecessor-version":[{"id":10274,"href":"https:\/\/www.huatulco-airport.com\/es\/wp-json\/wp\/v2\/pages\/8939\/revisions\/10274"}],"wp:attachment":[{"href":"https:\/\/www.huatulco-airport.com\/es\/wp-json\/wp\/v2\/media?parent=8939"}],"curies":[{"name":"wp","href":"https:\/\/api.w.org\/{rel}","templated":true}]}}