{"id":8834,"date":"2023-08-09T21:24:09","date_gmt":"2023-08-10T02:24:09","guid":{"rendered":"https:\/\/www.huatulco-airport.com\/?page_id=8834"},"modified":"2025-09-26T18:46:01","modified_gmt":"2025-09-27T00:46:01","slug":"llegadas","status":"publish","type":"page","link":"https:\/\/www.huatulco-airport.com\/es\/llegadas\/","title":{"rendered":"Llegadas al Aeropuerto de Huatulco"},"content":{"rendered":"<div class=\"gb-container gb-container-19c41105\">\n<div class=\"gb-container gb-container-046d357a\"><div class=\"gb-inside-container\">\n<div class=\"gb-grid-wrapper gb-grid-wrapper-6280ad7b\">\n<div class=\"gb-grid-column gb-grid-column-e696f04a\"><div class=\"gb-container gb-container-e696f04a\"><div class=\"gb-inside-container\">\n\n<figure class=\"wp-block-image size-full\"><img loading=\"lazy\" decoding=\"async\" width=\"960\" height=\"640\" src=\"https:\/\/www.huatulco-airport.com\/wp-content\/uploads\/2023\/08\/Huatulco-Airport-Arrivals.jpg\" alt=\"Llegadas al Aeropuerto de Huatulco\" class=\"wp-image-8837\" title=\"\" srcset=\"https:\/\/www.huatulco-airport.com\/wp-content\/uploads\/2023\/08\/Huatulco-Airport-Arrivals.jpg 960w, https:\/\/www.huatulco-airport.com\/wp-content\/uploads\/2023\/08\/Huatulco-Airport-Arrivals-300x200.jpg 300w, https:\/\/www.huatulco-airport.com\/wp-content\/uploads\/2023\/08\/Huatulco-Airport-Arrivals-768x512.jpg 768w, https:\/\/www.huatulco-airport.com\/wp-content\/uploads\/2023\/08\/Huatulco-Airport-Arrivals-18x12.jpg 18w\" sizes=\"auto, (max-width: 960px) 100vw, 960px\" \/><\/figure>\n\n<\/div><\/div><\/div>\n\n<div class=\"gb-grid-column gb-grid-column-76b361f3\"><div class=\"gb-container gb-container-76b361f3\"><div class=\"gb-inside-container\">\n<h2 class=\"gb-headline gb-headline-abccfb89 gb-headline-text\" id=\"huatulco-airport-arrivals-amp-flight-status-today\">Llegadas al Aeropuerto de Huatulco y Estatus de Vuelo Hoy<\/h2>\n\n<p class=\"gb-headline gb-headline-95d8c24a gb-headline-text\">Debajo, encontrar\u00e1 el estatus de las llegadas y vuelos en vivo m\u00e1s recientes, al minuto, al Aeropuerto de Huatulco (HUX).<\/p>\n\n<p class=\"gb-headline gb-headline-c86e87ae gb-headline-text\">Si por alguna raz\u00f3n el Aeropuerto de Huatulco se encuentra cerrado, esta tabla reflejar\u00e1 la informaci\u00f3n m\u00e1s reciente acerca de las llegadas de vuelos a Huatulco.<\/p>\n\n<p class=\"gb-headline gb-headline-84aacf32 gb-headline-text\">Todos los retrasos, cancelaciones y cierres de aerol\u00edneas, se actualizar\u00e1n autom\u00e1ticamente en el horario de las llegadas del Aeropuerto de Huatulco.<\/p>\n<\/div><\/div><\/div>\n<\/div>\n<\/div><\/div>\n<\/div>\n\n<div class=\"gb-container gb-container-bc3c84b1\"><div class=\"gb-inside-container\">\n\n<div class=\"avionio-widget\">\n  <iframe frameborder=\"0\" style=\"border:0; width: 100%; height: 95%; min-height: 650px; margin:0; padding:0;\" src=\"https:\/\/www.avionio.com\/widget\/en\/hux\/arrivals\"><\/iframe>\n  <div style=\"font-family: arial,sans-serif; font-size:12px; width: 100%; text-align: center; padding-top: 7px; border-top: 1px solid #65747e;\">\n  <\/div>\n<\/div>\n\n<\/div><\/div>\n\n<div class=\"gb-container gb-container-21e95791\" id=\"esim\">\n<div class=\"gb-container gb-container-84442193\">\n<div class=\"gb-container gb-container-c12f3e62\">\n<div class=\"gb-grid-wrapper gb-grid-wrapper-6902fb3f\">\n<div class=\"gb-grid-column gb-grid-column-8fd56d32\"><div class=\"gb-container gb-container-8fd56d32\">\n\n<figure class=\"gb-block-image gb-block-image-884fae3c\"><img loading=\"lazy\" decoding=\"async\" width=\"1200\" height=\"800\" class=\"gb-image gb-image-884fae3c\" src=\"https:\/\/www.huatulco-airport.com\/wp-content\/uploads\/2024\/10\/aloSIM-Graphic.png\" alt=\"Mexico eSIM\" title=\"Mexico eSIM\" srcset=\"https:\/\/www.huatulco-airport.com\/wp-content\/uploads\/2024\/10\/aloSIM-Graphic.png 1200w, https:\/\/www.huatulco-airport.com\/wp-content\/uploads\/2024\/10\/aloSIM-Graphic-300x200.png 300w, https:\/\/www.huatulco-airport.com\/wp-content\/uploads\/2024\/10\/aloSIM-Graphic-1024x683.png 1024w, https:\/\/www.huatulco-airport.com\/wp-content\/uploads\/2024\/10\/aloSIM-Graphic-768x512.png 768w, https:\/\/www.huatulco-airport.com\/wp-content\/uploads\/2024\/10\/aloSIM-Graphic-18x12.png 18w\" sizes=\"auto, (max-width: 1200px) 100vw, 1200px\" \/><\/figure>\n\n<\/div><\/div>\n\n<div class=\"gb-grid-column gb-grid-column-a0f3c3a3\"><div class=\"gb-container gb-container-a0f3c3a3\">\n<div class=\"gb-container gb-container-c947c2a1\">\n<h3 class=\"gb-headline gb-headline-10610f63 gb-headline-text\" id=\"stay-connected-in-mexico\">Permanece conectado en M\u00e9xico!<\/h3>\n<\/div>\n\n<p class=\"gb-headline gb-headline-8dae59c0 gb-headline-text\">La forma m\u00e1s barata y sencilla de permanecer conectado con tu familia y amigos mientras viajas a M\u00e9xico es comprando una eSIM de M\u00e9xico antes de tu llegada.<\/p>\n\n<p class=\"gb-headline gb-headline-cbf492cf gb-headline-text\">Evita cargos <strong><em>exsesivos<\/em><\/strong> de roaming y permanece conectado durante tu viaje con una eSIM pre - pagada con hasta 10 GB de datos.<\/p>\n\n<p class=\"gb-headline gb-headline-34ba7b27 gb-headline-text\"><strong><mark style=\"background-color:#d5ff2b\" class=\"has-inline-color\">BONUS:<\/mark><\/strong> Usa el c\u00f3digo de promo: <strong>AP411<\/strong> para ahorrar $3 USD al finalizar la compra!<\/p>\n\n\n<a class=\"gb-button gb-button-95f700a5\" href=\"https:\/\/alosim.com\/mexico-esim\/?uid=599&amp;oid=9&amp;affid=255&amp;source_id=hux-arrivals\" target=\"_blank\" rel=\"nofollow noopener noreferrer\"><span class=\"gb-button-text\">Conozca M\u00e1s<\/span><span class=\"gb-icon\"><svg viewbox=\"0 0 256 256\" height=\"32\" width=\"32\" xmlns=\"http:\/\/www.w3.org\/2000\/svg\"><path d=\"M128 24a104 104 0 1 0 104 104A104.11 104.11 0 0 0 128 24m0 192a88 88 0 1 1 88-88a88.1 88.1 0 0 1-88 88m45.66-93.66a8 8 0 0 1 0 11.32l-32 32a8 8 0 0 1-11.32-11.32L148.69 136H88a8 8 0 0 1 0-16h60.69l-18.35-18.34a8 8 0 0 1 11.32-11.32Z\" fill=\"currentColor\"><\/path><\/svg><\/span><\/a>\n\n<\/div><\/div>\n<\/div>\n<\/div>\n<\/div>\n<\/div>","protected":false},"excerpt":{"rendered":"","protected":false},"author":2,"featured_media":8837,"parent":0,"menu_order":0,"comment_status":"closed","ping_status":"closed","template":"","meta":{"footnotes":""},"class_list":["post-8834","page","type-page","status-publish","has-post-thumbnail"],"_links":{"self":[{"href":"https:\/\/www.huatulco-airport.com\/es\/wp-json\/wp\/v2\/pages\/8834","targetHints":{"allow":["GET"]}}],"collection":[{"href":"https:\/\/www.huatulco-airport.com\/es\/wp-json\/wp\/v2\/pages"}],"about":[{"href":"https:\/\/www.huatulco-airport.com\/es\/wp-json\/wp\/v2\/types\/page"}],"author":[{"embeddable":true,"href":"https:\/\/www.huatulco-airport.com\/es\/wp-json\/wp\/v2\/users\/2"}],"replies":[{"embeddable":true,"href":"https:\/\/www.huatulco-airport.com\/es\/wp-json\/wp\/v2\/comments?post=8834"}],"version-history":[{"count":7,"href":"https:\/\/www.huatulco-airport.com\/es\/wp-json\/wp\/v2\/pages\/8834\/revisions"}],"predecessor-version":[{"id":10434,"href":"https:\/\/www.huatulco-airport.com\/es\/wp-json\/wp\/v2\/pages\/8834\/revisions\/10434"}],"wp:featuredmedia":[{"embeddable":true,"href":"https:\/\/www.huatulco-airport.com\/es\/wp-json\/wp\/v2\/media\/8837"}],"wp:attachment":[{"href":"https:\/\/www.huatulco-airport.com\/es\/wp-json\/wp\/v2\/media?parent=8834"}],"curies":[{"name":"wp","href":"https:\/\/api.w.org\/{rel}","templated":true}]}}