{"id":8814,"date":"2023-08-09T20:27:35","date_gmt":"2023-08-10T01:27:35","guid":{"rendered":"https:\/\/www.huatulco-airport.com\/?page_id=8814"},"modified":"2024-04-06T20:06:58","modified_gmt":"2024-04-07T02:06:58","slug":"vuelos","status":"publish","type":"page","link":"https:\/\/www.huatulco-airport.com\/es\/vuelos\/","title":{"rendered":"Vuelos"},"content":{"rendered":"<div class=\"gb-container gb-container-e0266e9c\"><div class=\"gb-inside-container\">\n<h2 class=\"gb-headline gb-headline-0b0f589f gb-headline-text\" id=\"frequently-asked-questions\">Preguntas Frecuentes<\/h2>\n\n<h3 class=\"gb-headline gb-headline-9f5e3108 gb-headline-text\" id=\"1-what-airlines-fly-out-of-huatulco-mexico\">1. \u00bfQu\u00e9 aerol\u00edneas vuelan desde Huatulco, M\u00e9xico?<gwmw style=\"display:none;\"><\/gwmw><\/h3>\n\n\n<p>Aerom\u00e9xico, Aerotuc\u00e1n, Air Canada, American Airlines, Viva Aerobus, Volaris, y WestJet vuelan a y desde el Aeropuerto de Huatulco. Ve la lista completa de aerol\u00edneas dando servicio en el aeropuerto HUX <strong><span style=\"text-decoration: underline;\"><a href=\"https:\/\/www.huatulco-airport.com\/es\/aerolineas\/\">aqu\u00ed<\/a><\/span><\/strong>.<gwmw style=\"display: none; background-color: transparent;\"><\/gwmw><\/p>\n\n\n<h3 class=\"gb-headline gb-headline-b21885a6 gb-headline-text\" id=\"2-where-can-i-fly-from-huatulco-airport\">2. \u00bfA d\u00f3nde puedo viajar desde el Aeropuerto de Huatulco?<gwmw style=\"display:none;\"><\/gwmw><gwmw style=\"display:none;\"><\/gwmw><\/h3>\n\n\n<p><strong><span style=\"text-decoration: underline;\"><a href=\"https:\/\/themexicocityairport.com\/\" target=\"_blank\" rel=\"noreferrer noopener\">Ciudad de M\u00e9xico<\/a><\/span><\/strong>, Chicago, Toronto, Edmonton, <strong><span style=\"text-decoration: underline;\"><a href=\"https:\/\/theguadalajaraairport.com\/\" target=\"_blank\" rel=\"noreferrer noopener\">Guadalajara<\/a><\/span><\/strong>, y Vancouver son algunos de las ciudades con vuelos directos a Huatulco. Descubre el listado completo de los destinos que ofrecen vuelos directos al Aeropuerto HUX <strong><span style=\"text-decoration: underline;\"><a href=\"https:\/\/www.huatulco-airport.com\/es\/aerolineas\/\">aqu\u00ed<\/a><\/span><\/strong>.<\/p>\n\n\n<h3 class=\"gb-headline gb-headline-7075b59a gb-headline-text\" id=\"3-what-airport-do-you-fly-into-to-get-to-huatulco\">3. \u00bfA cu\u00e1l aeropuerto se debe volar para llegar a Huatulco?<gwmw style=\"display: none; background-color: transparent;\"><\/gwmw><gwmw style=\"display: none; background-color: transparent;\"><\/gwmw><\/h3>\n\n\n<p>Vuelas al Aeropuerto Internacional de Huatulco (HUX) para llegar Huatulco. Este aeropuerto est\u00e1 a tan solo ocho millas de la ciudad, lo que lo hace muy conveniente para viajar a tu hotel. Tienes la opci\u00f3n de <strong><span style=\"text-decoration: underline;\"><a href=\"https:\/\/www.huatulco-airport.com\/es\/renta-de-autos\/\">rentar un auto<\/a><\/span><\/strong>o puedes reservar un <strong><span style=\"text-decoration: underline;\"><a href=\"https:\/\/www.huatulco-airport.com\/es\/taxi-aeropuerto-huatulco\/\">taxi<\/a><\/span><\/strong> o un <strong><span style=\"text-decoration: underline;\"><a href=\"https:\/\/www.huatulco-airport.com\/es\/traslados-aeropuerto-huatulco\/\">traslado del aeropuerto<\/a><\/span><\/strong>. <\/p>\n\n\n<h3 class=\"gb-headline gb-headline-698c6f4c gb-headline-text\" id=\"4-when-should-i-book-flight-to-huatulco\">4. \u00bfCu\u00e1ndo debo reservar un vuelo a Huatulco?<gwmw style=\"display: none; background-color: transparent;\"><\/gwmw><\/h3>\n\n\n<p>Debes reservar un vueloa Huatulco 1 o 2 meses antes para vuelos nacionales y 2 a 6 por adelantado para vuelos internacionales.<gwmw style=\"display: none; background-color: transparent;\"><\/gwmw><gwmw style=\"display: none; background-color: transparent;\"><\/gwmw><\/p>\n\n\n<h3 class=\"gb-headline gb-headline-8958c2a2 gb-headline-text\" id=\"5-how-early-do-you-need-to-be-at-huatulco-airport\">5. \u00bfCu\u00e1nto tiempo antes debes estar en el Aeropuerto de Huatulco?<gwmw style=\"display: none; background-color: transparent;\"><\/gwmw><\/h3>\n\n\n<p>Debes esperar estar en el Aeropuerto de Huatulco con al menos 2 horas antes de un vuelo corto y 3 horas antes, si es un vuelo largo. Para llegar del centro al Aeropuerto de Huatulco, puedes reservar un <strong><span style=\"text-decoration: underline;\"><a href=\"https:\/\/www.huatulco-airport.com\/es\/taxi-aeropuerto-huatulco\/\">taxi<\/a><\/span><\/strong>, <a href=\"https:\/\/www.huatulco-airport.com\/es\/renta-de-autos\/\"><strong><span style=\"text-decoration: underline;\">rentar un auto,<\/span><\/strong><\/a> o acordar un <strong><span style=\"text-decoration: underline;\"><a href=\"https:\/\/www.huatulco-airport.com\/es\/traslados-aeropuerto-huatulco\/\">traslado privado<\/a><\/span><\/strong>, lo que te tomar\u00e1 cerca de 18 minutos. Si llegas temprano, puedes tener la oportunidad de relajarte en la <strong><span style=\"text-decoration: underline;\"><a href=\"https:\/\/www.huatulco-airport.com\/es\/salas-del-aeropuerto\/\">Sala VIP<\/a><\/span><\/strong> antes de tu vuelo.<gwmw style=\"display: none; background-color: transparent;\"><\/gwmw><\/p>\n\n\n<p class=\"gb-headline gb-headline-45e5613c gb-headline-text\"><gwmw style=\"display:none;\"><\/gwmw><gwmw style=\"display:none;\"><\/gwmw><gwmw style=\"display:none;\"><\/gwmw><\/p>\n<\/div><\/div>","protected":false},"excerpt":{"rendered":"<p>Frequently Asked Questions 1. What airlines fly out of Huatulco, Mexico? Aerom\u00e9xico, Aerotuc\u00e1n, Air Canada, American Airlines, Viva Aerobus, Volaris, and WestJet fly to and from Huatulco Airport. View the complete list of airlines serving HUX Airport here. 2. Where can I fly from Huatulco airport? Mexico City, Chicago, Toronto, Edmonton, Guadalajara, and Vancouver are &#8230; <a title=\"Vuelos\" class=\"read-more\" href=\"https:\/\/www.huatulco-airport.com\/es\/vuelos\/\" aria-label=\"Leer m\u00e1s sobre Flights\">Read more<\/a><\/p>","protected":false},"author":2,"featured_media":10151,"parent":0,"menu_order":0,"comment_status":"closed","ping_status":"closed","template":"","meta":{"footnotes":""},"class_list":["post-8814","page","type-page","status-publish","has-post-thumbnail"],"_links":{"self":[{"href":"https:\/\/www.huatulco-airport.com\/es\/wp-json\/wp\/v2\/pages\/8814","targetHints":{"allow":["GET"]}}],"collection":[{"href":"https:\/\/www.huatulco-airport.com\/es\/wp-json\/wp\/v2\/pages"}],"about":[{"href":"https:\/\/www.huatulco-airport.com\/es\/wp-json\/wp\/v2\/types\/page"}],"author":[{"embeddable":true,"href":"https:\/\/www.huatulco-airport.com\/es\/wp-json\/wp\/v2\/users\/2"}],"replies":[{"embeddable":true,"href":"https:\/\/www.huatulco-airport.com\/es\/wp-json\/wp\/v2\/comments?post=8814"}],"version-history":[{"count":6,"href":"https:\/\/www.huatulco-airport.com\/es\/wp-json\/wp\/v2\/pages\/8814\/revisions"}],"predecessor-version":[{"id":10155,"href":"https:\/\/www.huatulco-airport.com\/es\/wp-json\/wp\/v2\/pages\/8814\/revisions\/10155"}],"wp:featuredmedia":[{"embeddable":true,"href":"https:\/\/www.huatulco-airport.com\/es\/wp-json\/wp\/v2\/media\/10151"}],"wp:attachment":[{"href":"https:\/\/www.huatulco-airport.com\/es\/wp-json\/wp\/v2\/media?parent=8814"}],"curies":[{"name":"wp","href":"https:\/\/api.w.org\/{rel}","templated":true}]}}