{"id":8001,"date":"2022-10-14T19:47:36","date_gmt":"2022-10-15T00:47:36","guid":{"rendered":"https:\/\/www.huatulco-airport.com\/?page_id=8001"},"modified":"2024-08-19T17:07:22","modified_gmt":"2024-08-19T23:07:22","slug":"aviso-legal","status":"publish","type":"page","link":"https:\/\/www.huatulco-airport.com\/es\/aviso-legal\/","title":{"rendered":"Aviso Legal"},"content":{"rendered":"<div class=\"gb-container gb-container-44f39c8b\">\n<div class=\"gb-container gb-container-40e6145a\">\n<h1 class=\"gb-headline gb-headline-36bc9042 gb-headline-text\" id=\"disclaimer\">Aviso Legal<\/h1>\n\n\n<p><a href=\"https:\/\/www.huatulco-airport.com\/es\/\">Huatulco-Airport.com<\/a>&nbsp;Aeropuerto Internacional de Bah\u00edas de Huatulco (HUX) y la informaci\u00f3n aqu\u00ed presentada no ha sido creada, producida ni difundida por sus empleados, funcionarios o afiliados.<\/p>\n\n\n\n<p>Este sitio es un recurso informativo independiente sobre Huatulco y el Aeropuerto de Huatulco. Cualquier referencia a servicios, productos o procesos comerciales espec\u00edficos, o el uso de cualquier nombre corporativo o comercial, no constituye una recomendaci\u00f3n ni respaldo por parte del Aeropuerto de Bah\u00edas de Huatulco.<\/p>\n\n\n\n<p>El t\u00e9rmino Aeropuerto de Huatulco y Aeropuerto Internacional de Huatulco, as\u00ed como todos los logotipos, gr\u00e1ficos, nombres, marcas comerciales y\/o derechos de autor relacionados, pertenecen al Aeropuerto Internacional de Huatulco y se utilizan en este sitio web \u00fanicamente con fines descriptivos.&nbsp;<\/p>\n\n\n\n<p>Al usar o acceder a huatulco-airport.com, usted acepta nuestros t\u00e9rminos y condiciones. Este sitio web muestra informaci\u00f3n sobre los servicios que ofrece el aeropuerto mencionado, seg\u00fan nuestro leal saber y entender.&nbsp;<\/p>\n\n\n\n<p>Si bien nos esforzamos por verificar la exactitud de la informaci\u00f3n que se encuentra en este sitio web, siempre existe la posibilidad de que est\u00e9 desactualizada o sea incorrecta.<\/p>\n\n\n\n<p>No realizamos ninguna afirmaci\u00f3n, promesa ni garant\u00eda sobre la validez, exactitud e idoneidad del contenido de este sitio web y declinamos expresamente toda responsabilidad por errores u omisiones en la informaci\u00f3n aqu\u00ed mostrada.&nbsp;<\/p>\n\n\n\n<p>No nos responsabilizamos de ning\u00fan da\u00f1o directo, indirecto, consecuente, incidental o punitivo que pueda derivarse del uso de la informaci\u00f3n presentada en el sitio.<\/p>\n\n\n\n<p>Por favor, consulte con los organismos p\u00fablicos o privados pertinentes para verificar la informaci\u00f3n que busca.<\/p>\n\n\n\n<p><a href=\"https:\/\/www.huatulco-airport.com\/es\/politica-de-privacidad\/\" data-type=\"page\" data-id=\"3\">Pol\u00edtica de Privacidad<\/a><\/p>\n\n<\/div>\n<\/div>","protected":false},"excerpt":{"rendered":"<p>Disclaimer Huatulco-Airport.com&nbsp;is NOT a the official website for the Huatulco International Airport (Bah\u00edas de Huatulco). This is an informational travel guide to Bah\u00edas de Huatulco International Airport (HUX) and the information presented herein is not created, produced, or delivered by its employees, officials, or affiliates. This site is an independent, informative resource for Huatulco and &#8230; <a title=\"Aviso Legal\" class=\"read-more\" href=\"https:\/\/www.huatulco-airport.com\/es\/aviso-legal\/\" aria-label=\"Leer m\u00e1s sobre Disclaimer\">Read more<\/a><\/p>","protected":false},"author":2,"featured_media":0,"parent":0,"menu_order":0,"comment_status":"closed","ping_status":"closed","template":"","meta":{"footnotes":""},"class_list":["post-8001","page","type-page","status-publish"],"_links":{"self":[{"href":"https:\/\/www.huatulco-airport.com\/es\/wp-json\/wp\/v2\/pages\/8001","targetHints":{"allow":["GET"]}}],"collection":[{"href":"https:\/\/www.huatulco-airport.com\/es\/wp-json\/wp\/v2\/pages"}],"about":[{"href":"https:\/\/www.huatulco-airport.com\/es\/wp-json\/wp\/v2\/types\/page"}],"author":[{"embeddable":true,"href":"https:\/\/www.huatulco-airport.com\/es\/wp-json\/wp\/v2\/users\/2"}],"replies":[{"embeddable":true,"href":"https:\/\/www.huatulco-airport.com\/es\/wp-json\/wp\/v2\/comments?post=8001"}],"version-history":[{"count":9,"href":"https:\/\/www.huatulco-airport.com\/es\/wp-json\/wp\/v2\/pages\/8001\/revisions"}],"predecessor-version":[{"id":10302,"href":"https:\/\/www.huatulco-airport.com\/es\/wp-json\/wp\/v2\/pages\/8001\/revisions\/10302"}],"wp:attachment":[{"href":"https:\/\/www.huatulco-airport.com\/es\/wp-json\/wp\/v2\/media?parent=8001"}],"curies":[{"name":"wp","href":"https:\/\/api.w.org\/{rel}","templated":true}]}}