{"id":2,"date":"2018-02-05T19:56:11","date_gmt":"2018-02-05T19:56:11","guid":{"rendered":"http:\/\/dap.aspengrovestudios.space\/?page_id=2"},"modified":"2025-09-26T18:45:12","modified_gmt":"2025-09-27T00:45:12","slug":"informacion-del-aeropuerto","status":"publish","type":"page","link":"https:\/\/www.huatulco-airport.com\/es\/informacion-del-aeropuerto\/","title":{"rendered":"Informaci\u00f3n del Aeropuerto de Huatulco"},"content":{"rendered":"<div class=\"gb-container gb-container-e1cb6a26\">\n<div class=\"gb-container gb-container-b25c2142\">\n<div class=\"gb-grid-wrapper gb-grid-wrapper-33772738\">\n<div class=\"gb-grid-column gb-grid-column-0c4bd7fe\"><div class=\"gb-container gb-container-0c4bd7fe\">\n\n<figure class=\"gb-block-image gb-block-image-51d87a5d\"><img loading=\"lazy\" decoding=\"async\" width=\"1200\" height=\"800\" class=\"gb-image gb-image-51d87a5d\" src=\"https:\/\/www.huatulco-airport.com\/wp-content\/uploads\/2024\/09\/Huatulco-Airport-Guide.jpg\" alt=\"Huatulco Airport Guide\" title=\"Huatulco Airport Guide\" srcset=\"https:\/\/www.huatulco-airport.com\/wp-content\/uploads\/2024\/09\/Huatulco-Airport-Guide.jpg 1200w, https:\/\/www.huatulco-airport.com\/wp-content\/uploads\/2024\/09\/Huatulco-Airport-Guide-300x200.jpg 300w, https:\/\/www.huatulco-airport.com\/wp-content\/uploads\/2024\/09\/Huatulco-Airport-Guide-1024x683.jpg 1024w, https:\/\/www.huatulco-airport.com\/wp-content\/uploads\/2024\/09\/Huatulco-Airport-Guide-768x512.jpg 768w, https:\/\/www.huatulco-airport.com\/wp-content\/uploads\/2024\/09\/Huatulco-Airport-Guide-18x12.jpg 18w\" sizes=\"auto, (max-width: 1200px) 100vw, 1200px\" \/><\/figure>\n\n\n<h2 class=\"gb-headline gb-headline-0e670e5b gb-headline-text\" id=\"huatulco-international-airport\">Aeropuerto Internacional de Huatulco<\/h2>\n\n<p class=\"gb-headline gb-headline-2ab6fd2c gb-headline-text\">Aeropuerto de Huatulco (IATA: HUX), conocido oficialmente como Aeropuerto de Bah\u00edas de Huatulco, es un aeropuerto internacional listado como el 28 vo aeropuerto m\u00e1s concurrido en M\u00e9xico por el tr\u00e1fico de pasajeros. En 2023, recibi\u00f3 a m\u00e1s de 970,000 viajeros nacionales e internacionales.<\/p>\n\n<p class=\"gb-headline gb-headline-eb23c933 gb-headline-text\">Debajo, encontrar\u00e1 la informaci\u00f3n esencial que le ayudar\u00e1 a planear su siguiente viaje a Huatulco<\/p>\n<\/div><\/div>\n\n<div class=\"gb-grid-column gb-grid-column-aa861aab\"><div class=\"gb-container gb-container-aa861aab\">\n<div class=\"gb-container gb-container-95b365f5 box-shadow\">\n<div class=\"gb-headline gb-headline-10fa5509\"><span class=\"gb-icon\"><svg viewbox=\"0 0 256 256\" height=\"32\" width=\"32\" xmlns=\"http:\/\/www.w3.org\/2000\/svg\"><path d=\"M200 224h-49.46A266.56 266.56 0 0 0 174 200.25c27.45-31.57 42-64.85 42-96.25a88 88 0 0 0-176 0c0 31.4 14.51 64.68 42 96.25A266.56 266.56 0 0 0 105.46 224H56a8 8 0 0 0 0 16h144a8 8 0 0 0 0-16ZM56 104a72 72 0 0 1 144 0c0 57.23-55.47 105-72 118c-16.53-13-72-60.77-72-118Zm112 0a40 40 0 1 0-40 40a40 40 0 0 0 40-40Zm-64 0a24 24 0 1 1 24 24a24 24 0 0 1-24-24Z\" fill=\"currentColor\"><\/path><\/svg><\/span><\/div>\n\n<div class=\"gb-container gb-container-4237cfa1\">\n<h3 class=\"gb-headline gb-headline-48c75565 gb-headline-text\" id=\"huatulco-airport\">Aeropuerto Internacional de Huatulco<\/h3>\n\n<p class=\"gb-headline gb-headline-cbcf75d1 gb-headline-text\">Carretera Costera Pinotepa, Salina Cruz &#8211; Santiago Pinotepa Nacional Km. 237, El Zapote, 70980 Santa Mar\u00eda Huatulco, Oax., Mexico (<span style=\"text-decoration: underline;\"><a href=\"https:\/\/maps.app.goo.gl\/rU36EcRonf1xkX4m8\" target=\"_blank\" rel=\"noreferrer noopener\">Mapa<\/a><\/span>)<\/p>\n<\/div>\n<\/div>\n\n<div class=\"gb-container gb-container-525a014c box-shadow\">\n<div class=\"gb-headline gb-headline-d4a99263\"><span class=\"gb-icon\"><svg xmlns=\"http:\/\/www.w3.org\/2000\/svg\" width=\"32\" height=\"32\" viewbox=\"0 0 256 256\"><path fill=\"currentColor\" d=\"M256 216a8 8 0 0 1-8 8H104a8 8 0 0 1 0-16h144a8 8 0 0 1 8 8m-26.16-24.3L53.21 142.24A40.12 40.12 0 0 1 24 103.72V48a16 16 0 0 1 21.06-15.18l5.47 1.82a8 8 0 0 1 5 4.87l10.6 29.37L96 77.39V48a16 16 0 0 1 21.06-15.18l5.47 1.82a8 8 0 0 1 4.85 4.5l22.5 53.63l60.84 17A40.13 40.13 0 0 1 240 148.32V184a8 8 0 0 1-10.16 7.7M224 148.32a24.09 24.09 0 0 0-17.58-23.13l-64.57-18a8 8 0 0 1-5.23-4.61L114 48.67l-2-.67v40a8 8 0 0 1-10.19 7.7l-44-12.54a8 8 0 0 1-5.33-5L41.79 48.59L40 48v55.72a24.09 24.09 0 0 0 17.53 23.12L224 173.45Z\"><\/path><\/svg><\/span><\/div>\n\n<div class=\"gb-container gb-container-7e18d146\">\n<h3 class=\"gb-headline gb-headline-3bf86eae gb-headline-text\" id=\"arrivals\">Llegadas<\/h3>\n\n<p class=\"gb-headline gb-headline-0c93e07e gb-headline-text\">Informaci\u00f3n a minuto de las <a href=\"https:\/\/www.huatulco-airport.com\/es\/llegadas\/\" data-type=\"page\" data-id=\"9563\"><span style=\"text-decoration: underline;\">llegadas<\/span><\/a> al Aeropuerto Internacional de Huatulco<\/p>\n<\/div>\n<\/div>\n\n<div class=\"gb-container gb-container-f49bf301 box-shadow\">\n<div class=\"gb-headline gb-headline-e0621daf\"><span class=\"gb-icon\"><svg xmlns=\"http:\/\/www.w3.org\/2000\/svg\" width=\"32\" height=\"32\" viewbox=\"0 0 256 256\"><path fill=\"currentColor\" d=\"M256 216a8 8 0 0 1-8 8H104a8 8 0 0 1 0-16h144a8 8 0 0 1 8 8m-26.16-24.3L53.21 142.24A40.12 40.12 0 0 1 24 103.72V48a16 16 0 0 1 21.06-15.18l5.47 1.82a8 8 0 0 1 5 4.87l10.6 29.37L96 77.39V48a16 16 0 0 1 21.06-15.18l5.47 1.82a8 8 0 0 1 4.85 4.5l22.5 53.63l60.84 17A40.13 40.13 0 0 1 240 148.32V184a8 8 0 0 1-10.16 7.7M224 148.32a24.09 24.09 0 0 0-17.58-23.13l-64.57-18a8 8 0 0 1-5.23-4.61L114 48.67l-2-.67v40a8 8 0 0 1-10.19 7.7l-44-12.54a8 8 0 0 1-5.33-5L41.79 48.59L40 48v55.72a24.09 24.09 0 0 0 17.53 23.12L224 173.45Z\"><\/path><\/svg><\/span><\/div>\n\n<div class=\"gb-container gb-container-30f9d0c5\">\n<h3 class=\"gb-headline gb-headline-61106d52 gb-headline-text\" id=\"departures\">Salidas<\/h3>\n\n<p class=\"gb-headline gb-headline-a00456f9 gb-headline-text\">Informaci\u00f3n a minuto de las <a href=\"https:\/\/www.huatulco-airport.com\/es\/salidas\/\" data-type=\"page\" data-id=\"9673\"><span style=\"text-decoration: underline;\">salidas<\/span><\/a> al Aeropuerto Internacional de Huatulco<\/p>\n<\/div>\n<\/div>\n\n<div class=\"gb-container gb-container-0dfb2e57 box-shadow\">\n<div class=\"gb-headline gb-headline-b41057ee\"><span class=\"gb-icon\"><svg viewbox=\"0 0 256 256\" height=\"32\" width=\"32\" xmlns=\"http:\/\/www.w3.org\/2000\/svg\"><path d=\"M152.27 37.93a8 8 0 0 1 9.8-5.66a86.22 86.22 0 0 1 61.66 61.66a8 8 0 0 1-5.66 9.8a8.23 8.23 0 0 1-2.07.27a8 8 0 0 1-7.73-5.94a70.35 70.35 0 0 0-50.33-50.33a8 8 0 0 1-5.67-9.8Zm-2.33 41.8c13.79 3.68 22.65 12.54 26.33 26.33A8 8 0 0 0 184 112a8.23 8.23 0 0 0 2.07-.27a8 8 0 0 0 5.66-9.8c-5.12-19.16-18.5-32.54-37.66-37.66a8 8 0 1 0-4.13 15.46Zm81.94 95.35A56.26 56.26 0 0 1 176 224C96.6 224 32 159.4 32 80a56.26 56.26 0 0 1 48.92-55.88a16 16 0 0 1 16.62 9.52l21.12 47.15v.12A16 16 0 0 1 117.39 96c-.18.27-.37.52-.57.77L96 121.45c7.49 15.22 23.41 31 38.83 38.51l24.34-20.71a8.12 8.12 0 0 1 .75-.56a16 16 0 0 1 15.17-1.4l.13.06l47.11 21.11a16 16 0 0 1 9.55 16.62Zm-15.88-2h-.11l-47-21.05l-24.35 20.71a8.44 8.44 0 0 1-.74.56a16 16 0 0 1-15.75 1.14c-18.73-9.05-37.4-27.58-46.46-46.11a16 16 0 0 1 1-15.7a6.13 6.13 0 0 1 .57-.77L104 87.15l-21-47a.61.61 0 0 1 0-.12A40.2 40.2 0 0 0 48 80a128.14 128.14 0 0 0 128 128a40.21 40.21 0 0 0 40-34.93Z\" fill=\"currentColor\"><\/path><\/svg><\/span><\/div>\n\n<div class=\"gb-container gb-container-221fb4f1\">\n<h3 class=\"gb-headline gb-headline-c88d031f gb-headline-text\" id=\"phone-numbers\">N\u00famero de Tel\u00e9fono<\/h3>\n\n<p class=\"gb-headline gb-headline-3e6d5a61 gb-headline-text\"><strong>Marcar:<\/strong> +52 seguido del n\u00famero de 10 d\u00edgitos <\/p>\n\n<p class=\"gb-headline gb-headline-17771544 gb-headline-text\"><strong>Aeropuerto de Huatulco:<\/strong> <a href=\"tel:+529585819004\" data-type=\"tel\" data-id=\"tel:+302103530000\"><span style=\"text-decoration: underline;\">+52 958 581 9004<\/span><\/a> <\/p>\n\n<p class=\"gb-headline gb-headline-2be58c62 gb-headline-text\"><strong>Emergencias o Polic\u00eda:<\/strong> <span style=\"text-decoration: underline;\"><a href=\"tel:911\">911<\/a><\/span><\/p>\n\n<p class=\"gb-headline gb-headline-9d19f310 gb-headline-text\"><strong>Locatel:<\/strong> <a href=\"tel:+525556581111\"><span style=\"text-decoration: underline;\">+<\/span><\/a><span style=\"text-decoration: underline;\"><a href=\"tel:+52%20958%20583%204080\">52 958 583 4080<\/a><\/span> \u2013Para toda la informaci\u00f3n no urgente de turistas, reportes servicios integrales y m\u00e1s.<\/p>\n<\/div>\n<\/div>\n<\/div><\/div>\n<\/div>\n<\/div>\n<\/div>\n\n<div class=\"gb-container gb-container-21e95791\" id=\"esim\">\n<h2 class=\"gb-headline gb-headline-8d8798e3 gb-headline-text\" id=\"internet-amp-connectivity\">Conectividad e Internet<\/h2>\n\n<div class=\"gb-container gb-container-84442193\">\n<div class=\"gb-container gb-container-c12f3e62\">\n<div class=\"gb-grid-wrapper gb-grid-wrapper-6902fb3f\">\n<div class=\"gb-grid-column gb-grid-column-8fd56d32\"><div class=\"gb-container gb-container-8fd56d32\">\n\n<figure class=\"gb-block-image gb-block-image-884fae3c\"><img loading=\"lazy\" decoding=\"async\" width=\"1200\" height=\"800\" class=\"gb-image gb-image-884fae3c\" src=\"https:\/\/www.huatulco-airport.com\/wp-content\/uploads\/2024\/10\/aloSIM-Graphic.png\" alt=\"Mexico eSIM\" title=\"Mexico eSIM\" srcset=\"https:\/\/www.huatulco-airport.com\/wp-content\/uploads\/2024\/10\/aloSIM-Graphic.png 1200w, https:\/\/www.huatulco-airport.com\/wp-content\/uploads\/2024\/10\/aloSIM-Graphic-300x200.png 300w, https:\/\/www.huatulco-airport.com\/wp-content\/uploads\/2024\/10\/aloSIM-Graphic-1024x683.png 1024w, https:\/\/www.huatulco-airport.com\/wp-content\/uploads\/2024\/10\/aloSIM-Graphic-768x512.png 768w, https:\/\/www.huatulco-airport.com\/wp-content\/uploads\/2024\/10\/aloSIM-Graphic-18x12.png 18w\" sizes=\"auto, (max-width: 1200px) 100vw, 1200px\" \/><\/figure>\n\n<\/div><\/div>\n\n<div class=\"gb-grid-column gb-grid-column-a0f3c3a3\"><div class=\"gb-container gb-container-a0f3c3a3\">\n<div class=\"gb-container gb-container-c947c2a1\">\n<h3 class=\"gb-headline gb-headline-10610f63 gb-headline-text\" id=\"stay-connected-in-mexico\">Permanece conectado en M\u00e9xico!<\/h3>\n<\/div>\n\n<p class=\"gb-headline gb-headline-8dae59c0 gb-headline-text\">La forma m\u00e1s barata y sencilla de permanecer conectado con tu familia y amigos mientras viajas a M\u00e9xico es comprando una eSIM de M\u00e9xico antes de tu llegada.<\/p>\n\n<p class=\"gb-headline gb-headline-cbf492cf gb-headline-text\">Evita cargos <strong><em>exsesivos<\/em><\/strong> de roaming y permanece conectado durante tu viaje con una eSIM pre - pagada con hasta 10 GB de datos.<\/p>\n\n<p class=\"gb-headline gb-headline-34ba7b27 gb-headline-text\"><strong><mark style=\"background-color:#d5ff2b\" class=\"has-inline-color\">BONUS:<\/mark><\/strong> Usa el c\u00f3digo de promo: <strong>AP411<\/strong> para ahorrar $3 USD al finalizar la compra!<\/p>\n\n\n<a class=\"gb-button gb-button-95f700a5\" href=\"https:\/\/alosim.com\/mexico-esim\/?uid=599&amp;oid=9&amp;affid=255&amp;source_id=hux-info\" target=\"_blank\" rel=\"nofollow noopener noreferrer\"><span class=\"gb-button-text\">Conozca M\u00e1s<\/span><span class=\"gb-icon\"><svg viewbox=\"0 0 256 256\" height=\"32\" width=\"32\" xmlns=\"http:\/\/www.w3.org\/2000\/svg\"><path d=\"M128 24a104 104 0 1 0 104 104A104.11 104.11 0 0 0 128 24m0 192a88 88 0 1 1 88-88a88.1 88.1 0 0 1-88 88m45.66-93.66a8 8 0 0 1 0 11.32l-32 32a8 8 0 0 1-11.32-11.32L148.69 136H88a8 8 0 0 1 0-16h60.69l-18.35-18.34a8 8 0 0 1 11.32-11.32Z\" fill=\"currentColor\"><\/path><\/svg><\/span><\/a>\n\n<\/div><\/div>\n<\/div>\n<\/div>\n<\/div>\n<\/div>\n\n<div class=\"gb-container gb-container-bdc48f1d\">\n<div class=\"gb-container gb-container-eac23057\"><div class=\"gb-inside-container\">\n<h2 class=\"gb-headline gb-headline-a9ca8992 gb-headline-text\" id=\"information\">Informaci\u00f3n<\/h2>\n\n<div class=\"gb-grid-wrapper gb-grid-wrapper-e022fdc8\">\n<div class=\"gb-grid-column gb-grid-column-a99034eb\"><div class=\"gb-container gb-container-a99034eb\">\n<h3 class=\"gb-headline gb-headline-ac79ea77\" id=\"general-information\"><span class=\"gb-icon\"><svg viewbox=\"0 0 16 16\" height=\"32\" width=\"32\" xmlns=\"http:\/\/www.w3.org\/2000\/svg\"><path clip-rule=\"evenodd\" d=\"M8 13.5a5.5 5.5 0 1 0 0-11a5.5 5.5 0 0 0 0 11M8 15A7 7 0 1 0 8 1a7 7 0 0 0 0 14m1-9.5a1 1 0 1 1-2 0a1 1 0 0 1 2 0m-.25 3a.75.75 0 0 0-1.5 0V11a.75.75 0 0 0 1.5 0z\" fill-rule=\"evenodd\" fill=\"currentColor\"><\/path><\/svg><\/span><span class=\"gb-headline-text\">Informaci\u00f3n General<\/span><\/h3>\n\n<p class=\"gb-headline gb-headline-83e96f19 gb-headline-text\"><strong>Direcci\u00f3n:<\/strong> Carretera Costera Pinotepa, Salina Cruz &#8211; Santiago Pinotepa Nacional Km. 237, El Zapote, 70980 Santa Mar\u00eda Huatulco, Oax., Mexico<\/p>\n\n<p class=\"gb-headline gb-headline-22c87024 gb-headline-text\"><strong>C\u00f3digo del Aeropuerto:<\/strong> IATA: HUX, ICAO: MMBT<\/p>\n\n<p class=\"gb-headline gb-headline-95f5d4f7 gb-headline-text\"><strong>Coordenadas:<\/strong> 15\u00b046\u203231\u2033N 096\u00b015\u203245\u2033W<\/p>\n\n<p class=\"gb-headline gb-headline-f5a31d14 gb-headline-text\"><strong>Elevaci\u00f3n:<\/strong> 463 ft \/ 141 m <\/p>\n\n<p class=\"gb-headline gb-headline-149ad307 gb-headline-text\"><strong>Tel\u00e9fono:<\/strong> <a href=\"tel:+52%20958%20581%209004\" data-type=\"tel\" data-id=\"tel:+302103530000\"><span style=\"text-decoration: underline;\">+52 958 581 9004<\/span><\/a> <\/p>\n<\/div><\/div>\n\n<div class=\"gb-grid-column gb-grid-column-7a894f81\"><div class=\"gb-container gb-container-7a894f81\">\n<h3 class=\"gb-headline gb-headline-91532bde\" id=\"service-amp-operations\"><span class=\"gb-icon\"><svg viewbox=\"0 0 24 24\" height=\"32\" width=\"32\" xmlns=\"http:\/\/www.w3.org\/2000\/svg\"><path d=\"M22 16v-2l-8.5-5V3.5c0-.83-.67-1.5-1.5-1.5s-1.5.67-1.5 1.5V9L2 14v2l8.5-2.5V19L8 20.5V22l4-1l4 1v-1.5L13.5 19v-5.5z\" fill=\"currentColor\"><\/path><\/svg><\/span><span class=\"gb-headline-text\">Servicio y Operaciones<\/span><\/h3>\n\n<p class=\"gb-headline gb-headline-f47ea9fe gb-headline-text\"><strong>Aerol\u00edneas:<\/strong> Aeromexico, Air Canada, American Airlines, WestJet, Volaris, and VivaAerobus. [<a href=\"https:\/\/www.huatulco-airport.com\/es\/aerolineas\/\" data-type=\"page\" data-id=\"7887\"><span style=\"text-decoration: underline;\">Aerol\u00edneas<\/span><\/a>]<\/p>\n\n<p class=\"gb-headline gb-headline-e225c256 gb-headline-text\"><strong>Pista:<\/strong> 07\/25 (9,843 ft \/ 3,000 m)<\/p>\n<\/div><\/div>\n<\/div>\n<\/div><\/div>\n<\/div>\n\n<div class=\"gb-container gb-container-ae36d161\">\n<div class=\"gb-container gb-container-b4ac2dab\">\n<h3 class=\"gb-headline gb-headline-6da08f06 gb-headline-text\" id=\"facilities-and-amenities\">Instalaciones y Amenidades<\/h3>\n\n<div class=\"gb-grid-wrapper gb-grid-wrapper-d4b971dc\">\n<div class=\"gb-grid-column gb-grid-column-9b618400\"><div class=\"gb-container gb-container-9b618400\" id=\"banks-atms\">\n<h3 class=\"gb-headline gb-headline-d15bb1df\" id=\"convenience-and-comfort\"><span class=\"gb-icon\"><svg viewbox=\"0 0 24 24\" height=\"32\" width=\"32\" xmlns=\"http:\/\/www.w3.org\/2000\/svg\"><path d=\"M10.6 16.05L17.65 9l-1.4-1.4l-5.65 5.65l-2.85-2.85l-1.4 1.4zM3 21V3h6.2q.325-.9 1.088-1.45T12 1t1.713.55T14.8 3H21v18zm2-2h14V5H5zm7-14.75q.325 0 .538-.213t.212-.537t-.213-.537T12 2.75t-.537.213t-.213.537t.213.538t.537.212M5 19V5z\" fill=\"currentColor\"><\/path><\/svg><\/span><span class=\"gb-headline-text\">Conveniencia y Comfort<\/span><\/h3>\n\n<p class=\"gb-headline gb-headline-ebe51d02 gb-headline-text\"><strong><strong>Bancos y Cajero<\/strong>s:<\/strong> <span style=\"text-decoration: underline;\"><a href=\"https:\/\/maps.app.goo.gl\/pcEFk9M7erXpD5N66\" target=\"_blank\" rel=\"noreferrer noopener\">Santander ATM<\/a><\/span>, <span style=\"text-decoration: underline;\"><a href=\"https:\/\/maps.app.goo.gl\/5tW64dga2juK9fYs5\" target=\"_blank\" rel=\"noreferrer noopener\">Banamex ATM<\/a><\/span><\/p>\n\n<p class=\"gb-headline gb-headline-530fec85 gb-headline-text\"><strong>Salas:<\/strong> <span style=\"text-decoration: underline;\"><a href=\"https:\/\/www.huatulco-airport.com\/es\/salas-del-aeropuerto\/#main-lounges\">Salas de la Terminal Principal<\/a><\/span><\/p>\n<\/div><\/div>\n\n<div class=\"gb-grid-column gb-grid-column-cb44717e\"><div class=\"gb-container gb-container-cb44717e\">\n<h3 class=\"gb-headline gb-headline-65e99405\" id=\"food-amp-drink\"><span class=\"gb-icon\"><svg viewbox=\"0 0 24 24\" height=\"32\" width=\"32\" xmlns=\"http:\/\/www.w3.org\/2000\/svg\"><path d=\"M2.442 15.385q0-2.187 2.064-3.209t4.552-1.022t4.552 1.022t2.063 3.209zm0 3.307v-1h13.231v1zM3.212 22q-.31 0-.54-.23t-.23-.54V21h13.231v.23q0 .31-.23.54t-.54.23zm14.461 0v-6.615q0-2.35-1.757-3.925q-1.758-1.576-4.16-2.064l-.429-3.012h4.615v-4h1v4h4.616l-1.452 14.162q-.056.621-.522 1.038q-.467.416-1.088.416z\" fill=\"currentColor\"><\/path><\/svg><\/span><span class=\"gb-headline-text\">Alimentos y Bebidas <\/span><\/h3>\n\n<p class=\"gb-headline gb-headline-4779faeb gb-headline-text\"><strong>Restaurantes:<\/strong> <span style=\"text-decoration: underline;\"><a href=\"https:\/\/maps.app.goo.gl\/FnHrYEUPfqPrYFzR8\" target=\"_blank\" rel=\"noreferrer noopener\">La Palapa Snak Bar,<\/a><\/span> <span style=\"text-decoration: underline;\"><a href=\"https:\/\/maps.app.goo.gl\/AdR1DsdXK55oUHzg6\" target=\"_blank\" rel=\"noreferrer noopener\">Hasta la Vista Restaurante<\/a><\/span><\/p>\n\n<p class=\"gb-headline gb-headline-b9ae047c gb-headline-text\"><strong>Comida R\u00e1pida:<\/strong> <span style=\"text-decoration: underline;\"><a href=\"https:\/\/maps.app.goo.gl\/jWtN6F5EwD7s1dhA7\" target=\"_blank\" rel=\"noreferrer noopener\">Taco Fish Huatulco<\/a><\/span><\/p>\n<\/div><\/div>\n<\/div>\n\n<div class=\"gb-container gb-container-35b5259d\" id=\"shopping\">\n<h3 class=\"gb-headline gb-headline-a1a58be7\" id=\"shopping\"><span class=\"gb-icon\"><svg viewbox=\"0 0 24 24\" height=\"32\" width=\"32\" xmlns=\"http:\/\/www.w3.org\/2000\/svg\"><path d=\"M7.308 21.116q-.633 0-1.067-.434t-.433-1.066t.433-1.067q.434-.433 1.067-.433t1.066.433t.434 1.067t-.434 1.066t-1.066.434m9.384 0q-.632 0-1.066-.434t-.434-1.066t.434-1.067q.434-.433 1.066-.433t1.067.433q.433.434.433 1.067q0 .632-.433 1.066q-.434.434-1.067.434M5.392 4.5h13.02q.652 0 .98.532q.33.531.035 1.095l-2.858 5.208q-.217.365-.564.573t-.763.208H8.1l-1.215 2.23q-.154.231-.01.5t.433.27h10.384q.214 0 .357.143t.143.357t-.143.356t-.357.144H7.308q-.875 0-1.306-.738t-.021-1.482l1.504-2.68L3.808 3.5H2.5q-.213 0-.357-.143T2 3t.143-.357T2.5 2.5h1.433q.236 0 .429.121q.192.121.298.338z\" fill=\"currentColor\"><\/path><\/svg><\/span><span class=\"gb-headline-text\">Compras<\/span><\/h3>\n\n<div class=\"gb-container gb-container-697661b0\">\n<div class=\"gb-grid-wrapper gb-grid-wrapper-1bf2e34c\">\n<div class=\"gb-grid-column gb-grid-column-7ae1d95a\"><div class=\"gb-container gb-container-7ae1d95a\">\n<p class=\"gb-headline gb-headline-01d712a2 gb-headline-text\"><strong>Artesanias:<\/strong> <span style=\"text-decoration: underline;\"><a href=\"https:\/\/maps.app.goo.gl\/yCdQuyKr9kg9yaiUA\" target=\"_blank\" rel=\"noreferrer noopener\">Tienda De Artesanias Azteca<\/a><\/span><\/p>\n\n<p class=\"gb-headline gb-headline-55c23c7b gb-headline-text\"><strong>Ropa y Fashion:<\/strong> T-Shirt Store<\/p>\n<\/div><\/div>\n\n<div class=\"gb-grid-column gb-grid-column-cabadcb9\"><div class=\"gb-container gb-container-cabadcb9\">\n<p class=\"gb-headline gb-headline-a58746aa gb-headline-text\"><strong>Tienda de Lentes de Sol:<\/strong> <span style=\"text-decoration: underline;\"><a href=\"https:\/\/maps.app.goo.gl\/WBv3CtYbMQAbjKkm8\" target=\"_blank\" rel=\"noreferrer noopener\">Sunglass Hut<\/a><\/span> <\/p>\n<\/div><\/div>\n<\/div>\n<\/div>\n<\/div>\n<\/div>\n<\/div>","protected":false},"excerpt":{"rendered":"<p>Internet &amp; Connectivity Information Facilities and Amenities Shopping<\/p>","protected":false},"author":2,"featured_media":0,"parent":0,"menu_order":0,"comment_status":"closed","ping_status":"closed","template":"","meta":{"footnotes":""},"class_list":["post-2","page","type-page","status-publish"],"_links":{"self":[{"href":"https:\/\/www.huatulco-airport.com\/es\/wp-json\/wp\/v2\/pages\/2","targetHints":{"allow":["GET"]}}],"collection":[{"href":"https:\/\/www.huatulco-airport.com\/es\/wp-json\/wp\/v2\/pages"}],"about":[{"href":"https:\/\/www.huatulco-airport.com\/es\/wp-json\/wp\/v2\/types\/page"}],"author":[{"embeddable":true,"href":"https:\/\/www.huatulco-airport.com\/es\/wp-json\/wp\/v2\/users\/2"}],"replies":[{"embeddable":true,"href":"https:\/\/www.huatulco-airport.com\/es\/wp-json\/wp\/v2\/comments?post=2"}],"version-history":[{"count":12,"href":"https:\/\/www.huatulco-airport.com\/es\/wp-json\/wp\/v2\/pages\/2\/revisions"}],"predecessor-version":[{"id":10383,"href":"https:\/\/www.huatulco-airport.com\/es\/wp-json\/wp\/v2\/pages\/2\/revisions\/10383"}],"wp:attachment":[{"href":"https:\/\/www.huatulco-airport.com\/es\/wp-json\/wp\/v2\/media?parent=2"}],"curies":[{"name":"wp","href":"https:\/\/api.w.org\/{rel}","templated":true}]}}