{"id":10376,"date":"2024-12-05T09:10:02","date_gmt":"2024-12-05T15:10:02","guid":{"rendered":"https:\/\/www.huatulco-airport.com\/?page_id=10376"},"modified":"2024-12-05T09:10:03","modified_gmt":"2024-12-05T15:10:03","slug":"aviso-legal-de-afiliados","status":"publish","type":"page","link":"https:\/\/www.huatulco-airport.com\/es\/aviso-legal-de-afiliados\/","title":{"rendered":"Aviso de Afiliado"},"content":{"rendered":"<p><span style=\"text-decoration: underline;\"><a href=\"https:\/\/www.huatulco-airport.com\/es\/\">Huatulco-Airport.com<\/a><\/span> est\u00e1 comprometido en brindar la informaci\u00f3n m\u00e1s acertada y al d\u00eda a los viajeros.<\/p>\n\n\n\n<p>Ponemos mucho trabajo, es fuerzo y energ\u00eda en crear estas gu\u00edas de Aeropuertos a nuestros lectores y con el fin de apoyar nuestros esfuerzos, participamos en varios programas de marketing de afiliados de viajes.<\/p>\n\n\n\n<p>Tenga en cuenta que si da clic en algunos enlaces de nuestro sitio web y realiza una compra o reserva, es posible que ganemos una comisi\u00f3n sin ning\u00fan costo adicional para usted.<\/p>\n\n\n\n<p>Estas comisiones de afiliados nos permiten continuar a mantener y mejorar el contenido y servicios que ofrecemos.<\/p>\n\n\n\n<p>Estamos orgullosos de asociarnos con los programas de viaje de afiliados m\u00e1s confiables, incluyendo pero no limitados a:<\/p>\n\n\n\n<ul class=\"wp-block-list\">\n<li><strong>Civitatis<\/strong>: Tours, actividades, traslados del aeropuerto, y experiencias de viaje.<\/li>\n\n\n\n<li><strong>Viator<\/strong>: Tours, tickets, y actividades.<\/li>\n\n\n\n<li><strong>WelcomePickups<\/strong>: Servicios de transportes y traslados del aeropuerto de calidad.<\/li>\n\n\n\n<li><strong>Alosim<\/strong>: Soluciones convenientes de eSIM para viajeros.<\/li>\n\n\n\n<li><strong>Booking.com<\/strong>: Plataforma l\u00edder para reservaciones de alojamientos.<\/li>\n\n\n\n<li><strong>Skyscanner<\/strong>: Compara tarifas de vuelos, hoteles y agencias de renta de autos.<\/li>\n\n\n\n<li><strong>Discover Cars<\/strong>: Opciones de renta de autos accesibles en todo el mundo.<\/li>\n<\/ul>\n\n\n\n<p>Tome en cuenta que mientras nos esforzamos en recomendar solamente nuestros mejores productos y servicios de calidad para nuestros lectores, cualquier decisi\u00f3n de compra que haga, es en \u00faltima instancia, suya. Como siempre le invitamos a que revise los t\u00e9rminos y condiciones de cualquier servicio o producto antes de hacer su compra.<\/p>\n\n\n\n<p>Al usar este sitio, usted reconoce y acepta que <span style=\"text-decoration: underline;\"><a href=\"https:\/\/www.huatulco-airport.com\/es\/\">Huatulco-Airport.com<\/a><\/span> puede generar comisiones de afiliaci\u00f3n como se describe arriba.<\/p>\n\n\n\n<p>Gracias por su apoyo continuo!<\/p>","protected":false},"excerpt":{"rendered":"<p>Huatulco-Airport.com is committed to providing the most accurate, up-to-date information to travelers. We put a lot of hard work and energy into creating these airport guides for our readers and in order to help support our efforts, we participate in several travel affiliate marketing programs. Please note that if you click on certain links on &#8230; <a title=\"Aviso de Afiliado\" class=\"read-more\" href=\"https:\/\/www.huatulco-airport.com\/es\/aviso-legal-de-afiliados\/\" aria-label=\"Leer m\u00e1s sobre Affiliate Disclaimer\">Read more<\/a><\/p>","protected":false},"author":2,"featured_media":0,"parent":0,"menu_order":0,"comment_status":"closed","ping_status":"closed","template":"","meta":{"footnotes":""},"class_list":["post-10376","page","type-page","status-publish"],"_links":{"self":[{"href":"https:\/\/www.huatulco-airport.com\/es\/wp-json\/wp\/v2\/pages\/10376","targetHints":{"allow":["GET"]}}],"collection":[{"href":"https:\/\/www.huatulco-airport.com\/es\/wp-json\/wp\/v2\/pages"}],"about":[{"href":"https:\/\/www.huatulco-airport.com\/es\/wp-json\/wp\/v2\/types\/page"}],"author":[{"embeddable":true,"href":"https:\/\/www.huatulco-airport.com\/es\/wp-json\/wp\/v2\/users\/2"}],"replies":[{"embeddable":true,"href":"https:\/\/www.huatulco-airport.com\/es\/wp-json\/wp\/v2\/comments?post=10376"}],"version-history":[{"count":1,"href":"https:\/\/www.huatulco-airport.com\/es\/wp-json\/wp\/v2\/pages\/10376\/revisions"}],"predecessor-version":[{"id":10377,"href":"https:\/\/www.huatulco-airport.com\/es\/wp-json\/wp\/v2\/pages\/10376\/revisions\/10377"}],"wp:attachment":[{"href":"https:\/\/www.huatulco-airport.com\/es\/wp-json\/wp\/v2\/media?parent=10376"}],"curies":[{"name":"wp","href":"https:\/\/api.w.org\/{rel}","templated":true}]}}