{"id":10106,"date":"2024-03-26T00:39:40","date_gmt":"2024-03-26T06:39:40","guid":{"rendered":"https:\/\/www.huatulco-airport.com\/?page_id=10106"},"modified":"2024-08-10T08:03:45","modified_gmt":"2024-08-10T14:03:45","slug":"salas-del-aeropuerto","status":"publish","type":"page","link":"https:\/\/www.huatulco-airport.com\/es\/salas-del-aeropuerto\/","title":{"rendered":"Salas del Aeropuerto de Huatulco"},"content":{"rendered":"<div class=\"gb-container gb-container-3892e2e9\">\n<div class=\"gb-container gb-container-83f4d3ea\">\n<div class=\"gb-grid-wrapper gb-grid-wrapper-6280ad7b\">\n<div class=\"gb-grid-column gb-grid-column-e696f04a\"><div class=\"gb-container gb-container-e696f04a\"><div class=\"gb-inside-container\">\n\n<figure class=\"gb-block-image gb-block-image-a216cc42\"><img loading=\"lazy\" decoding=\"async\" width=\"960\" height=\"640\" class=\"gb-image gb-image-a216cc42\" src=\"https:\/\/www.huatulco-airport.com\/wp-content\/uploads\/2024\/03\/Huatulco-Airport-Lounges.jpg\" alt=\"\" title=\"Salas del Aeropuerto de Huatulco\" srcset=\"https:\/\/www.huatulco-airport.com\/wp-content\/uploads\/2024\/03\/Huatulco-Airport-Lounges.jpg 960w, https:\/\/www.huatulco-airport.com\/wp-content\/uploads\/2024\/03\/Huatulco-Airport-Lounges-300x200.jpg 300w, https:\/\/www.huatulco-airport.com\/wp-content\/uploads\/2024\/03\/Huatulco-Airport-Lounges-768x512.jpg 768w, https:\/\/www.huatulco-airport.com\/wp-content\/uploads\/2024\/03\/Huatulco-Airport-Lounges-18x12.jpg 18w\" sizes=\"auto, (max-width: 960px) 100vw, 960px\"><\/figure>\n\n<\/div><\/div><\/div>\n\n<div class=\"gb-grid-column gb-grid-column-76b361f3\"><div class=\"gb-container gb-container-76b361f3\"><div class=\"gb-inside-container\">\n<h2 class=\"gb-headline gb-headline-abccfb89 gb-headline-text\" id=\"huatulco-airport-lounges\">Salas del Aeropuerto de Huatulco<\/h2>\n\n<p class=\"gb-headline gb-headline-f638b9e1 gb-headline-text\">La Sala del Aeropuerto de Huatulco se encuentra en la Terminal Principal. <\/p>\n\n\n<p>Comienza tu aventura de viaje con un toque de comfort en el Aeropuerto de Huatulco. Sea que est\u00e9s en Huatulco por negocios y necesites un lugar de trabajo pacifico o simplemente quieres relajarte antes de tu vuelo, la Sala VIP en el Aeropuerto de Huatulco har\u00e1 de tu experiencia previa al vuelo una brisa.<\/p>\n\n\n\n<p>Descubre la sala perfecta en el Aeropuerto de Huatulco al explorar los detalles que presentamos a continuaci\u00f3n incluyendo amenidades, ubicaci\u00f3n, horarios, requisitos de entrada, y m\u00e1s<\/p>\n\n\n<p class=\"gb-headline gb-headline-aed642f3 gb-headline-text\"><strong>Saltar a:<\/strong> <span style=\"text-decoration: underline;\"><a href=\"#main-lounges\">Salas de la Terminal Principal<\/a><\/span> <\/p>\n<\/div><\/div><\/div>\n<\/div>\n<\/div>\n<\/div>\n\n<div class=\"gb-container gb-container-5d2e4d70\" id=\"main-lounges\">\n<div class=\"gb-container gb-container-db664743\">\n<h2 class=\"gb-headline gb-headline-e149d565 gb-headline-text\" id=\"main-terminal-lounges\">Salas de la Terminal Principal<gwmw style=\"display:none;\"><\/gwmw><gwmw style=\"display:none;\"><\/gwmw><\/h2>\n\n\n<p>El Aeropuerto de Huatulco tiene una sala VIP que ofrece un espacio c\u00f3modo para los viajeros para relajarse y disfrutar de comida premium antes de su vuelo.<\/p>\n\n\n<h3 class=\"gb-headline gb-headline-a41a2d86 gb-headline-text\" id=\"1-the-vip-lounge-by-global-lounge-network\">1. La Sala VIP por Global Lounge Network<gwmw style=\"display:none;\"><\/gwmw><\/h3>\n\n\n<ul class=\"wp-block-list\">\n<li><strong>Ubicaci\u00f3n<\/strong>: Zona de embarque- Despu\u00e9s del punto de seguridad, procede a la izquierda hacia las puertas 5-6-7-8. La Sala est\u00e1 ubicada al final del pasillo a mano derecha.<gwmw style=\"display: none; background-color: transparent;\"><\/gwmw><\/li>\n\n\n\n<li><strong>Horas de Operaci\u00f3n<\/strong>: 6:00-19:00 Dairio.<\/li>\n\n\n\n<li><strong>Servicios<\/strong>: Acceso para Discapacitados, Wi-Fi, comida premium, TVs, alcohol, tel\u00e9fono, fax y un ambiente libre de humo de cigarro.<gwmw style=\"display: none; background-color: transparent;\"><\/gwmw><gwmw style=\"display: none; background-color: transparent;\"><\/gwmw><gwmw style=\"display: none; background-color: transparent;\"><\/gwmw><gwmw style=\"display: none; background-color: transparent;\"><\/gwmw><\/li>\n\n\n\n<li><strong>Acceso:<\/strong> Priority Pass, Diners Club International, Lounge Key, Lounge Pass.<gwmw style=\"display: none; background-color: transparent;\"><\/gwmw><\/li>\n\n\n\n<li><strong>Requisitos: <\/strong>Pase del d\u00eda desde los $38 USD y menores de 12 a\u00f1os pasan gratis por portador de tarjeta.<\/li>\n\n\n\n<li><strong>Duraci\u00f3n de estad\u00eda: <\/strong>M\u00e1ximo 4 horas.<gwmw style=\"display:none;\"><\/gwmw><gwmw style=\"display:none;\"><\/gwmw><\/li>\n<\/ul>\n\n<\/div>\n<\/div>\n\n<div class=\"gb-container gb-container-f9e576ab\">\n<div class=\"gb-container gb-container-c8dfdbcd\">\n<h2 class=\"gb-headline gb-headline-740e15e2 gb-headline-text\" id=\"airport-lounges-main-terminal\">Salas de la Terminal (Terminal Principal)<gwmw style=\"display:none;\"><\/gwmw><gwmw style=\"display:none;\"><\/gwmw><\/h2>\n\n\n<div class=\"wp-block-columns is-layout-flex wp-container-core-columns-is-layout-9d6595d7 wp-block-columns-is-layout-flex\">\n<div class=\"wp-block-column is-layout-flow wp-block-column-is-layout-flow\" style=\"flex-basis:100%\"><div class=\"gb-container gb-container-4bc2736a\">\n\n<figure class=\"wp-block-table\"><table><thead><tr><th class=\"has-text-align-left\" data-align=\"left\">\u2708\ufe0f Salas:<\/th><th class=\"has-text-align-left\" data-align=\"left\">\u23f0 Horario:<\/th><th class=\"has-text-align-left\" data-align=\"left\">\ud83d\udccd Ubicaci\u00f3n:<\/th><\/tr><\/thead><tbody><tr><td class=\"has-text-align-left\" data-align=\"left\">The VIP Lounge by Global Lounge Network<\/td><td class=\"has-text-align-left\" data-align=\"left\">6:00-19:00 Diario<\/td><td class=\"has-text-align-left\" data-align=\"left\"><a href=\"https:\/\/maps.app.goo.gl\/TATzBmy1jC9FFCdR9\" target=\"_blank\" data-type=\"link\" data-id=\"https:\/\/maps.app.goo.gl\/3ie1rFkn1CsNcaTm9\" rel=\"noreferrer noopener\"><span style=\"text-decoration: underline;\">Mapa<\/span><\/a><gwmw style=\"display:none;\"><\/gwmw><gwmw style=\"display:none;\"><\/gwmw><gwmw style=\"display:none;\"><\/gwmw><gwmw style=\"display:none;\"><\/gwmw><gwmw style=\"display:none;\"><\/gwmw><\/td><\/tr><\/tbody><\/table><\/figure>\n\n<\/div><\/div>\n<\/div>\n\n<\/div>\n<\/div>","protected":false},"excerpt":{"rendered":"<p>Main Terminal Lounges Huatulco Airport has a VIP lounge that offers a cozy space for travelers to relax and enjoy premium food before their flights. 1. The VIP Lounge by Global Lounge Network Airport Lounges (Main Terminal) \u2708\ufe0f Lounge: \u23f0 Hours: \ud83d\udccd Location: The VIP Lounge by Global Lounge Network 6:00-19:00 Daily Map<\/p>","protected":false},"author":2,"featured_media":0,"parent":0,"menu_order":0,"comment_status":"closed","ping_status":"closed","template":"","meta":{"footnotes":""},"class_list":["post-10106","page","type-page","status-publish"],"_links":{"self":[{"href":"https:\/\/www.huatulco-airport.com\/es\/wp-json\/wp\/v2\/pages\/10106","targetHints":{"allow":["GET"]}}],"collection":[{"href":"https:\/\/www.huatulco-airport.com\/es\/wp-json\/wp\/v2\/pages"}],"about":[{"href":"https:\/\/www.huatulco-airport.com\/es\/wp-json\/wp\/v2\/types\/page"}],"author":[{"embeddable":true,"href":"https:\/\/www.huatulco-airport.com\/es\/wp-json\/wp\/v2\/users\/2"}],"replies":[{"embeddable":true,"href":"https:\/\/www.huatulco-airport.com\/es\/wp-json\/wp\/v2\/comments?post=10106"}],"version-history":[{"count":5,"href":"https:\/\/www.huatulco-airport.com\/es\/wp-json\/wp\/v2\/pages\/10106\/revisions"}],"predecessor-version":[{"id":10250,"href":"https:\/\/www.huatulco-airport.com\/es\/wp-json\/wp\/v2\/pages\/10106\/revisions\/10250"}],"wp:attachment":[{"href":"https:\/\/www.huatulco-airport.com\/es\/wp-json\/wp\/v2\/media?parent=10106"}],"curies":[{"name":"wp","href":"https:\/\/api.w.org\/{rel}","templated":true}]}}