{"id":7982,"date":"2022-10-14T19:18:34","date_gmt":"2022-10-15T00:18:34","guid":{"rendered":"https:\/\/www.huatulco-airport.com\/?page_id=7982"},"modified":"2024-08-07T06:59:47","modified_gmt":"2024-08-07T12:59:47","slug":"vivaaerobus","status":"publish","type":"page","link":"http:\/\/www.huatulco-airport.com\/es\/aerolineas\/vivaaerobus\/","title":{"rendered":"VivaAerobus"},"content":{"rendered":"<div class=\"gb-container gb-container-3698ec81\">\n<div class=\"gb-container gb-container-17adce04\">\n<div class=\"wp-block-image\">\n<figure class=\"alignright size-full is-resized\"><img loading=\"lazy\" decoding=\"async\" width=\"600\" height=\"600\" src=\"https:\/\/www.huatulco-airport.com\/wp-content\/uploads\/2022\/10\/VivaAerobus.png\" alt=\"VivaAerobus\" class=\"wp-image-7964\" style=\"width:300px;height:300px\" title=\"\" srcset=\"http:\/\/www.huatulco-airport.com\/wp-content\/uploads\/2022\/10\/VivaAerobus.png 600w, http:\/\/www.huatulco-airport.com\/wp-content\/uploads\/2022\/10\/VivaAerobus-300x300.png 300w, http:\/\/www.huatulco-airport.com\/wp-content\/uploads\/2022\/10\/VivaAerobus-150x150.png 150w, http:\/\/www.huatulco-airport.com\/wp-content\/uploads\/2022\/10\/VivaAerobus-12x12.png 12w\" sizes=\"auto, (max-width: 600px) 100vw, 600px\" \/><\/figure><\/div>\n\n<h2 class=\"gb-headline gb-headline-d67f018d gb-headline-text\" id=\"viva-aerobus\">Viva Aerobus<\/h2>\n\n\n<p>Viva Aerobus es una aerol\u00ednea de bajo costo en M\u00e9xico que ha transportado a m\u00e1s de 64 millones de pasajeros en los \u00faltimos 14 a\u00f1os.<\/p>\n\n\n\n<p>Con el Aeropuerto Internacional de Monterrey como hub, Viva Aerobus opera servicios programados a m\u00e1s de 58 destinos en M\u00e9xico y Estados Unidos.&nbsp;<\/p>\n\n\n\n<p>VivaAerobus cuenta con una flota de 60 aviones Airbus y opera de dos a tres vuelos diarios desde la Ciudad de M\u00e9xico (MEX) y el Aeropuerto Internacional Felipe \u00c1ngeles (AIFA) al Aeropuerto Internacional de Huatulco durante la temporada alta y un poco menos durante la temporada baja.<\/p>\n\n\n\n<p><strong>C\u00f3digo IATA:<\/strong> VB<\/p>\n\n\n\n<p><strong>Sitio de Web: <\/strong><a href=\"https:\/\/www.vivaaerobus.com\/\" target=\"_blank\" rel=\"noreferrer noopener\">https:\/\/www.vivaaerobus.com\/<\/a><\/p>\n\n\n\n<p><strong>Tel\u00e9fono de Atenci\u00f3n al Cliente: <\/strong>+52 81 82 150 150<\/p>\n\n\n\n<hr class=\"wp-block-separator has-alpha-channel-opacity\"\/>\n\n\n<h2 class=\"gb-headline gb-headline-d81ba745 gb-headline-text\" id=\"vivo-aerobus-flights-to-huatulco-airport\">Vivo Aerobus Flights to Huatulco Airport<\/h2>\n\n\n<div data-skyscanner-widget=\"FlightSearchWidget\" data-locale=\"en-US\" data-market=\"US\" data-currency=\"USD\" data-campaign-id=\"13416\" data-media-partner-id=\"3515634\" data-ad-id=\"1103262\" data-button-colour=\"malt\" data-button-text-size=\"1.5\" data-hide-powered-by=\"true\" data-responsive=\"true\"><\/div>\n<script src=\"https:\/\/widgets.skyscanner.net\/widget-server\/js\/loader.js\" async=\"\"><\/script>\n\n\n\n<hr class=\"wp-block-separator has-alpha-channel-opacity is-style-default\"\/>\n\n\n<h2 class=\"gb-headline gb-headline-02da8f47 gb-headline-text\" id=\"viva-aerobus-arrivals-today\">Llegadas de Viva Aerobus (Hoy)<\/h2>\n\n\n<div class=\"avionio-widget\">\n  <iframe frameborder=\"0\" style=\"border:0; width: 100%; height: 95%; min-height: 650px; margin:0; padding:0;\" src=\"https:\/\/www.avionio.com\/widget\/en\/hux\/arrivals\"><\/iframe>\n  <div style=\"font-family: arial,sans-serif; font-size:12px; width: 100%; text-align: center; padding-top: 7px; border-top: 1px solid #65747e;\">\n  <\/div>\n<\/div>\n\n\n<h2 class=\"gb-headline gb-headline-1cf7b5a8 gb-headline-text\" id=\"viva-aerobus-departures-today\">Salidas de Viva Aerobus (Hoy)<\/h2>\n\n\n<div class=\"avionio-widget\">\n  <iframe frameborder=\"0\" style=\"border:0; width: 100%; height: 95%; min-height: 650px; margin:0; padding:0;\" src=\"https:\/\/www.avionio.com\/widget\/en\/hux\/departures\"><\/iframe>\n  <div style=\"font-family: arial,sans-serif; font-size:12px; width: 100%; text-align: center; padding-top: 7px; border-top: 1px solid #65747e;\">\n  <\/div>\n<\/div>\n\n<\/div>\n<\/div>","protected":false},"excerpt":{"rendered":"<p>Viva Aerobus Viva Aerobus is a low-cost airline in Mexico that has carried more than 64 million passengers over the course of the last 14 years. With Monterrey International Airport as its hub, Viva Aerobus operates scheduled services to over 58 destinations in Mexico and the United States.&nbsp; VivaAerobus has a fleet of 60 Airbus &#8230; <a title=\"VivaAerobus\" class=\"read-more\" href=\"http:\/\/www.huatulco-airport.com\/es\/aerolineas\/vivaaerobus\/\" aria-label=\"Leer m\u00e1s sobre VivaAerobus\">Read more<\/a><\/p>","protected":false},"author":2,"featured_media":0,"parent":8939,"menu_order":0,"comment_status":"closed","ping_status":"closed","template":"","meta":{"footnotes":""},"class_list":["post-7982","page","type-page","status-publish"],"_links":{"self":[{"href":"http:\/\/www.huatulco-airport.com\/es\/wp-json\/wp\/v2\/pages\/7982","targetHints":{"allow":["GET"]}}],"collection":[{"href":"http:\/\/www.huatulco-airport.com\/es\/wp-json\/wp\/v2\/pages"}],"about":[{"href":"http:\/\/www.huatulco-airport.com\/es\/wp-json\/wp\/v2\/types\/page"}],"author":[{"embeddable":true,"href":"http:\/\/www.huatulco-airport.com\/es\/wp-json\/wp\/v2\/users\/2"}],"replies":[{"embeddable":true,"href":"http:\/\/www.huatulco-airport.com\/es\/wp-json\/wp\/v2\/comments?post=7982"}],"version-history":[{"count":3,"href":"http:\/\/www.huatulco-airport.com\/es\/wp-json\/wp\/v2\/pages\/7982\/revisions"}],"predecessor-version":[{"id":10265,"href":"http:\/\/www.huatulco-airport.com\/es\/wp-json\/wp\/v2\/pages\/7982\/revisions\/10265"}],"up":[{"embeddable":true,"href":"http:\/\/www.huatulco-airport.com\/es\/wp-json\/wp\/v2\/pages\/8939"}],"wp:attachment":[{"href":"http:\/\/www.huatulco-airport.com\/es\/wp-json\/wp\/v2\/media?parent=7982"}],"curies":[{"name":"wp","href":"https:\/\/api.w.org\/{rel}","templated":true}]}}