{"id":7957,"date":"2022-10-14T18:50:39","date_gmt":"2022-10-14T23:50:39","guid":{"rendered":"https:\/\/www.huatulco-airport.com\/?page_id=7957"},"modified":"2024-08-07T06:59:20","modified_gmt":"2024-08-07T12:59:20","slug":"aeromexico","status":"publish","type":"page","link":"http:\/\/www.huatulco-airport.com\/es\/aerolineas\/aeromexico\/","title":{"rendered":"Aerom\u00e9xico"},"content":{"rendered":"<div class=\"gb-container gb-container-d5ea0d3d\">\n<div class=\"gb-container gb-container-d0f59901\">\n<div class=\"wp-block-image\">\n<figure class=\"alignright size-full is-resized\"><img loading=\"lazy\" decoding=\"async\" width=\"600\" height=\"600\" src=\"https:\/\/www.huatulco-airport.com\/wp-content\/uploads\/2022\/10\/Aerome\u0301xico.png\" alt=\"Aerome\u0301xico Airlines\" class=\"wp-image-7960\" style=\"width:300px;height:300px\" title=\"\" srcset=\"http:\/\/www.huatulco-airport.com\/wp-content\/uploads\/2022\/10\/Aerome\u0301xico.png 600w, http:\/\/www.huatulco-airport.com\/wp-content\/uploads\/2022\/10\/Aerome\u0301xico-300x300.png 300w, http:\/\/www.huatulco-airport.com\/wp-content\/uploads\/2022\/10\/Aerome\u0301xico-150x150.png 150w, http:\/\/www.huatulco-airport.com\/wp-content\/uploads\/2022\/10\/Aerome\u0301xico-12x12.png 12w\" sizes=\"auto, (max-width: 600px) 100vw, 600px\" \/><\/figure><\/div>\n\n<h2 class=\"gb-headline gb-headline-c6009888 gb-headline-text\" id=\"aeromexico\">Aerom\u00e9xico<\/h2>\n\n\n<p>Aerom\u00e9xico es la aerol\u00ednea de bandera de M\u00e9xico que opera 600 vuelos programados por d\u00eda a 89 destinos en M\u00e9xico, Am\u00e9rica del Norte, Am\u00e9rica del Sur, Am\u00e9rica Central, Europa, el Caribe y Asia.<\/p>\n\n\n\n<p>La aerol\u00ednea es miembro fundador de SkyTeam, una de las tres principales alianzas de aerol\u00edneas del mundo. La aerol\u00ednea tiene su sede en la Ciudad de M\u00e9xico y tiene centros secundarios en Monterrey y Guadalajara. Aerom\u00e9xico opera una flota de Boeing con m\u00e1s de 100 aviones.<\/p>\n\n\n\n<p>Durante la temporada alta, la aerol\u00ednea opera al menos dos vuelos regulares por d\u00eda desde la Ciudad de M\u00e9xico a Huatulco, Oaxaca. El n\u00famero de vuelos diarios entre las dos ciudades baja de m\u00e1s de 14 vuelos a 7 vuelos por semana en temporada baja.<\/p>\n\n\n\n<p><strong>C\u00f3digo IATA:<\/strong> AM&nbsp;<\/p>\n\n\n\n<p><strong>C\u00f3digo ICAO<\/strong> AMX<\/p>\n\n\n\n<p><strong>Sitio de Web:<\/strong> <a href=\"https:\/\/aeromexico.com\/\" target=\"_blank\" rel=\"noreferrer noopener\">https:\/\/aeromexico.com\/<\/a><\/p>\n\n\n\n<p><strong>Tel\u00e9fono de Atenci\u00f3n al Cliente:<\/strong> +52 (55) 5133 4000<\/p>\n\n\n\n<hr class=\"wp-block-separator has-alpha-channel-opacity\"\/>\n\n\n<h2 class=\"gb-headline gb-headline-17c195af gb-headline-text\" id=\"aeromexico-arrivals-today\">Llegadas de Aerom\u00e9xico (Hoy)<\/h2>\n\n\n<div class=\"avionio-widget\">\n  <iframe frameborder=\"0\" style=\"border:0; width: 100%; height: 95%; min-height: 650px; margin:0; padding:0;\" src=\"https:\/\/www.avionio.com\/widget\/en\/hux\/arrivals\"><\/iframe>\n  <div style=\"font-family: arial,sans-serif; font-size:12px; width: 100%; text-align: center; padding-top: 7px; border-top: 1px solid #65747e;\">\n  <\/div>\n<\/div>\n\n\n\n<hr class=\"wp-block-separator has-alpha-channel-opacity is-style-default\"\/>\n\n\n<h2 class=\"gb-headline gb-headline-7d01ec10 gb-headline-text\" id=\"aeromexico-departures-today\">Salidas de Aerom\u00e9xico (Hoy)<\/h2>\n\n\n<div class=\"avionio-widget\">\n  <iframe frameborder=\"0\" style=\"border:0; width: 100%; height: 95%; min-height: 650px; margin:0; padding:0;\" src=\"https:\/\/www.avionio.com\/widget\/en\/hux\/departures\"><\/iframe>\n  <div style=\"font-family: arial,sans-serif; font-size:12px; width: 100%; text-align: center; padding-top: 7px; border-top: 1px solid #65747e;\">\n  <\/div>\n<\/div>\n\n\n\n<hr class=\"wp-block-separator has-alpha-channel-opacity is-style-default\"\/>\n\n\n<div class=\"gb-container gb-container-0cd2a64e\">\n<div class=\"gb-container gb-container-4de708cc\">\n<h2 class=\"gb-headline gb-headline-e046c5fb gb-headline-text\" id=\"book-an-aeromexico-flight-to-huatulco-airport\">Vuelos de Aerom\u00e9xico a Aeropuerto de Huatulco<\/h2>\n\n\n<div data-skyscanner-widget=\"FlightSearchWidget\" data-locale=\"en-US\" data-market=\"US\" data-currency=\"USD\" data-campaign-id=\"13416\" data-media-partner-id=\"3515634\" data-ad-id=\"1103262\" data-button-colour=\"malt\" data-button-text-size=\"1.5\" data-hide-powered-by=\"true\" data-responsive=\"true\"><\/div>\n<script src=\"https:\/\/widgets.skyscanner.net\/widget-server\/js\/loader.js\" async=\"\"><\/script>\n\n<\/div>\n<\/div>\n<\/div>\n<\/div>","protected":false},"excerpt":{"rendered":"<p>Aerom\u00e9xico Aeromexico is Mexico\u2019s flag carrier airline operating 600 scheduled flights per day to 89 destinations in Mexico, North America, South America, Central America, Europe, the Caribbean, and Asia. The airline is the founding member of SkyTeam, one of the three major airline alliances in the world. The airline is based in Mexico City and &#8230; <a title=\"Aerom\u00e9xico\" class=\"read-more\" href=\"http:\/\/www.huatulco-airport.com\/es\/aerolineas\/aeromexico\/\" aria-label=\"Leer m\u00e1s sobre Aerom\u00e9xico\">Read more<\/a><\/p>","protected":false},"author":2,"featured_media":0,"parent":8939,"menu_order":0,"comment_status":"closed","ping_status":"closed","template":"","meta":{"footnotes":""},"class_list":["post-7957","page","type-page","status-publish"],"_links":{"self":[{"href":"http:\/\/www.huatulco-airport.com\/es\/wp-json\/wp\/v2\/pages\/7957","targetHints":{"allow":["GET"]}}],"collection":[{"href":"http:\/\/www.huatulco-airport.com\/es\/wp-json\/wp\/v2\/pages"}],"about":[{"href":"http:\/\/www.huatulco-airport.com\/es\/wp-json\/wp\/v2\/types\/page"}],"author":[{"embeddable":true,"href":"http:\/\/www.huatulco-airport.com\/es\/wp-json\/wp\/v2\/users\/2"}],"replies":[{"embeddable":true,"href":"http:\/\/www.huatulco-airport.com\/es\/wp-json\/wp\/v2\/comments?post=7957"}],"version-history":[{"count":4,"href":"http:\/\/www.huatulco-airport.com\/es\/wp-json\/wp\/v2\/pages\/7957\/revisions"}],"predecessor-version":[{"id":10262,"href":"http:\/\/www.huatulco-airport.com\/es\/wp-json\/wp\/v2\/pages\/7957\/revisions\/10262"}],"up":[{"embeddable":true,"href":"http:\/\/www.huatulco-airport.com\/es\/wp-json\/wp\/v2\/pages\/8939"}],"wp:attachment":[{"href":"http:\/\/www.huatulco-airport.com\/es\/wp-json\/wp\/v2\/media?parent=7957"}],"curies":[{"name":"wp","href":"https:\/\/api.w.org\/{rel}","templated":true}]}}